{"id":2070,"date":"2020-04-17T12:26:36","date_gmt":"2020-04-17T10:26:36","guid":{"rendered":"http:\/\/www.patip.eu\/?post_type=product&#038;p=2070"},"modified":"2022-06-06T12:10:31","modified_gmt":"2022-06-06T10:10:31","slug":"reverzny-mini-classic-popper","status":"publish","type":"product","link":"https:\/\/www.patip.eu\/de\/product\/reverzny-mini-classic-popper\/","title":{"rendered":"REVERZN\u00dd MINI CLASSIC POPPER"},"content":{"rendered":"<p>Reak\u010dn\u00fd reverzn\u00fd siluetov\u00fd ter\u010d.<\/p>\n<p>&#8211; nastavite\u013en\u00fd uhol sklonu<br \/>\n&#8211; mnohon\u00e1sobn\u00e9 pou\u017eitie<br \/>\n&#8211; z kalen\u00e9ho materi\u00e1lu o povrchovej tvrdosti 500 Brinell<br \/>\n&#8211; ur\u010den\u00fd pre kr\u00e1tke i dlh\u00e9 streln\u00e9 zbrane<br \/>\n&#8211; obojstranne pou\u017eite\u013en\u00e1 cie\u013eov\u00e1 plat\u0148a je jednoducho vymenite\u013en\u00e1 na univerz\u00e1lnom podstavci<br \/>\n&#8211; ter\u010d je navrhnut\u00fd tak, aby spo\u013eahlivo sp\u013a\u0148al svoju funkciu aj v n\u00e1ro\u010dn\u00fdch podmienkach arm\u00e1dy a pol\u00edcie<\/p>\n<p>Tieto tr\u00e9ningov\u00e9 popre s\u00fa ve\u013emi vhodn\u00e9 pre tr\u00e9ning siluetovej stre\u013eby na kr\u00e1tke i dlh\u00e9 vzdialenosti. Akusticky i vizu\u00e1lne okam\u017eite vyhodnotia v\u00fdsledok z\u00e1sahu a automaticky sa vr\u00e1tia do v\u00fdchodiskovej poz\u00edcie a s\u00fa znova pripraven\u00e9 na \u010fal\u0161ie pou\u017eitie.<br \/>\nRozmery s\u00fa navrhnut\u00e9 pod\u013ea platn\u00fdch pravidiel pre praktick\u00fa stre\u013ebu &#8211; IPSC (International Practical Shooting Confederation).<\/p>\n<p>&nbsp;<\/p>","protected":false},"excerpt":{"rendered":"<p><strong>IPSC kovov\u00fd\u00a0ter\u010d ur\u010den\u00fd iba pre pi\u0161tolov\u00e9 kalibre.<\/strong><\/p>\n<p><strong>Materi\u00e1l:<\/strong>\u00a0kalen\u00e1 oce\u013e s tvrdos\u0165ou 500\u00a0Brinell<\/p>\n<p><strong>Hr\u00fabka:<\/strong><span class=\"apple-converted-space\">\u00a0<\/span>10mm<\/p>\n","protected":false},"featured_media":2071,"comment_status":"closed","ping_status":"closed","template":"","meta":[],"product_brand":[],"product_cat":[134,132,135,15,92],"product_tag":[],"class_list":{"0":"post-2070","1":"product","2":"type-product","3":"status-publish","4":"has-post-thumbnail","6":"product_cat-ozbrojene-zlozky","7":"product_cat-sportova-strelba","8":"product_cat-terce-pre-pistole-a-ppc","9":"product_cat-poppre","10":"product_cat-reverzne-terce","12":"first","13":"outofstock","14":"taxable","15":"shipping-taxable","16":"purchasable","17":"product-type-simple"},"aioseo_notices":[],"_links":{"self":[{"href":"https:\/\/www.patip.eu\/de\/wp-json\/wp\/v2\/product\/2070","targetHints":{"allow":["GET"]}}],"collection":[{"href":"https:\/\/www.patip.eu\/de\/wp-json\/wp\/v2\/product"}],"about":[{"href":"https:\/\/www.patip.eu\/de\/wp-json\/wp\/v2\/types\/product"}],"replies":[{"embeddable":true,"href":"https:\/\/www.patip.eu\/de\/wp-json\/wp\/v2\/comments?post=2070"}],"wp:featuredmedia":[{"embeddable":true,"href":"https:\/\/www.patip.eu\/de\/wp-json\/wp\/v2\/media\/2071"}],"wp:attachment":[{"href":"https:\/\/www.patip.eu\/de\/wp-json\/wp\/v2\/media?parent=2070"}],"wp:term":[{"taxonomy":"product_brand","embeddable":true,"href":"https:\/\/www.patip.eu\/de\/wp-json\/wp\/v2\/product_brand?post=2070"},{"taxonomy":"product_cat","embeddable":true,"href":"https:\/\/www.patip.eu\/de\/wp-json\/wp\/v2\/product_cat?post=2070"},{"taxonomy":"product_tag","embeddable":true,"href":"https:\/\/www.patip.eu\/de\/wp-json\/wp\/v2\/product_tag?post=2070"}],"curies":[{"name":"wp","href":"https:\/\/api.w.org\/{rel}","templated":true}]}}