{"id":2088,"date":"2020-04-20T09:51:04","date_gmt":"2020-04-20T07:51:04","guid":{"rendered":"http:\/\/www.patip.eu\/?post_type=product&#038;p=2088"},"modified":"2022-08-16T14:04:16","modified_gmt":"2022-08-16T12:04:16","slug":"cross-pepper-popper","status":"publish","type":"product","link":"https:\/\/www.patip.eu\/de\/product\/cross-pepper-popper\/","title":{"rendered":"CROSS PEPPER POPPER"},"content":{"rendered":"<p>- padacie reak\u010dn\u00e9 siluetov\u00e9 ter\u010de<br \/>\n&#8211; nastavite\u013en\u00fd uhol sklonu<br \/>\n&#8211; mnohon\u00e1sobn\u00e9 (do\u017eivotn\u00e9) pou\u017eitie<br \/>\n&#8211; z kalen\u00e9ho materi\u00e1lu o povrchovej tvrdosti 500 Brinellov,<br \/>\n&#8211; ur\u010den\u00fd pre kr\u00e1tke i dlh\u00e9 streln\u00e9 zbrane<br \/>\n&#8211; obojstranne pou\u017eite\u013en\u00e1 cie\u013eov\u00e1 plat\u0148a<br \/>\n&#8211; cie\u013eov\u00e9 platne jednoducho vymenite\u013en\u00e9 na univerz\u00e1lnom podstavci<br \/>\n&#8211; ter\u010d navrhnut\u00fd tak, aby sp\u013a\u0148al spo\u013eahlivo svoju funkciu i v n\u00e1ro\u010dn\u00fdch podmienkach arm\u00e1dy a pol\u00edcie.<\/p>\n<p>Tieto padacie poppre s\u00fa najpopul\u00e1rnej\u0161\u00edmi po\u017e\u00edvan\u00fdmi ter\u010dmi v\u00f4bec. Akusticky i vizu\u00e1lne okam\u017eite vyhodnotia v\u00fdsledok z\u00e1sahu.<br \/>\nRozmery s\u00fa navrhnut\u00e9 pod\u013ea platn\u00fdch pravidiel pre praktick\u00fa stre\u013ebu &#8211; IPSC (International Practical Shooting Confederation )<br \/>\nM\u00f4\u017eete nastavi\u0165 r\u00f4zny uhol sklonu cie\u013ea a t\u00fdm docieli\u0165 oneskoren\u00e9 spadnutie cie\u013ea po viacer\u00fdch po sebe nasleduj\u00facich v\u00fdstreloch. Padac\u00ed poper je mo\u017en\u00e9 nadstavi\u0165 na r\u00f4zny druh mun\u00edcie s r\u00f4znou dopadovou energiou potrebnou na jeho zostrelenie.<br \/>\nTer\u010dov\u00e1 plat\u0148a padacieho poppra m\u00f4\u017ee by\u0165 r\u00fdchlo oto\u010den\u00e1 na druh\u00fa stranu a t\u00fdm p\u00e1dom m\u00f4\u017eete vyu\u017ei\u0165 obe strany poppra a efekt\u00edvne meni\u0165 charakter park\u00faru.<\/p>","protected":false},"excerpt":{"rendered":"<p><strong>Ur\u010den\u00e9 pre pu\u0161kov\u00e9 a pi\u0161to\u013eov\u00e9 strelivo<\/strong><\/p>\n<p><strong>Materi\u00e1l:<\/strong>\u00a0Tvrden\u00e1 oce\u013e 500\u00a0Brinell<\/p>\n<p><strong>Hr\u00fabka:<\/strong>\u00a010mm<\/p>\n","protected":false},"featured_media":2116,"comment_status":"closed","ping_status":"closed","template":"","meta":[],"product_brand":[],"product_cat":[133,134,132,135,15],"product_tag":[],"class_list":{"0":"post-2088","1":"product","2":"type-product","3":"status-publish","4":"has-post-thumbnail","6":"product_cat-hobby-strelba","7":"product_cat-ozbrojene-zlozky","8":"product_cat-sportova-strelba","9":"product_cat-terce-pre-pistole-a-ppc","10":"product_cat-poppre","12":"first","13":"instock","14":"taxable","15":"shipping-taxable","16":"purchasable","17":"product-type-simple"},"aioseo_notices":[],"_links":{"self":[{"href":"https:\/\/www.patip.eu\/de\/wp-json\/wp\/v2\/product\/2088","targetHints":{"allow":["GET"]}}],"collection":[{"href":"https:\/\/www.patip.eu\/de\/wp-json\/wp\/v2\/product"}],"about":[{"href":"https:\/\/www.patip.eu\/de\/wp-json\/wp\/v2\/types\/product"}],"replies":[{"embeddable":true,"href":"https:\/\/www.patip.eu\/de\/wp-json\/wp\/v2\/comments?post=2088"}],"wp:featuredmedia":[{"embeddable":true,"href":"https:\/\/www.patip.eu\/de\/wp-json\/wp\/v2\/media\/2116"}],"wp:attachment":[{"href":"https:\/\/www.patip.eu\/de\/wp-json\/wp\/v2\/media?parent=2088"}],"wp:term":[{"taxonomy":"product_brand","embeddable":true,"href":"https:\/\/www.patip.eu\/de\/wp-json\/wp\/v2\/product_brand?post=2088"},{"taxonomy":"product_cat","embeddable":true,"href":"https:\/\/www.patip.eu\/de\/wp-json\/wp\/v2\/product_cat?post=2088"},{"taxonomy":"product_tag","embeddable":true,"href":"https:\/\/www.patip.eu\/de\/wp-json\/wp\/v2\/product_tag?post=2088"}],"curies":[{"name":"wp","href":"https:\/\/api.w.org\/{rel}","templated":true}]}}