{"id":2134,"date":"2020-04-21T10:59:05","date_gmt":"2020-04-21T08:59:05","guid":{"rendered":"http:\/\/www.patip.eu\/?post_type=product&#038;p=2134"},"modified":"2020-04-23T10:31:49","modified_gmt":"2020-04-23T08:31:49","slug":"magneticky-drziak-na-zasobniky-upgrade","status":"publish","type":"product","link":"https:\/\/www.patip.eu\/de\/product\/magneticky-drziak-na-zasobniky-upgrade\/","title":{"rendered":"MAGNETICK\u00dd DR\u017dIAK NA Z\u00c1SOBN\u00cdKY &#8211; UPGRADE"},"content":{"rendered":"","protected":false},"excerpt":{"rendered":"<p>1 kus v balen\u00ed<\/p>\n<p>Materi\u00e1l: Magnet + spojovac\u00ed materi\u00e1l<\/p>\n","protected":false},"featured_media":2136,"comment_status":"closed","ping_status":"closed","template":"","meta":[],"product_brand":[],"product_cat":[110,112],"product_tag":[],"class_list":{"0":"post-2134","1":"product","2":"type-product","3":"status-publish","4":"has-post-thumbnail","6":"product_cat-strelecke-pomocky","7":"product_cat-doplnky","9":"first","10":"instock","11":"taxable","12":"shipping-taxable","13":"purchasable","14":"product-type-simple"},"aioseo_notices":[],"_links":{"self":[{"href":"https:\/\/www.patip.eu\/de\/wp-json\/wp\/v2\/product\/2134","targetHints":{"allow":["GET"]}}],"collection":[{"href":"https:\/\/www.patip.eu\/de\/wp-json\/wp\/v2\/product"}],"about":[{"href":"https:\/\/www.patip.eu\/de\/wp-json\/wp\/v2\/types\/product"}],"replies":[{"embeddable":true,"href":"https:\/\/www.patip.eu\/de\/wp-json\/wp\/v2\/comments?post=2134"}],"wp:featuredmedia":[{"embeddable":true,"href":"https:\/\/www.patip.eu\/de\/wp-json\/wp\/v2\/media\/2136"}],"wp:attachment":[{"href":"https:\/\/www.patip.eu\/de\/wp-json\/wp\/v2\/media?parent=2134"}],"wp:term":[{"taxonomy":"product_brand","embeddable":true,"href":"https:\/\/www.patip.eu\/de\/wp-json\/wp\/v2\/product_brand?post=2134"},{"taxonomy":"product_cat","embeddable":true,"href":"https:\/\/www.patip.eu\/de\/wp-json\/wp\/v2\/product_cat?post=2134"},{"taxonomy":"product_tag","embeddable":true,"href":"https:\/\/www.patip.eu\/de\/wp-json\/wp\/v2\/product_tag?post=2134"}],"curies":[{"name":"wp","href":"https:\/\/api.w.org\/{rel}","templated":true}]}}