{"id":2139,"date":"2020-04-21T11:21:43","date_gmt":"2020-04-21T09:21:43","guid":{"rendered":"http:\/\/www.patip.eu\/?post_type=product&#038;p=2139"},"modified":"2020-04-23T10:31:41","modified_gmt":"2020-04-23T08:31:41","slug":"2x-magneticky-drziak-na-zasobniky-upgrade","status":"publish","type":"product","link":"https:\/\/www.patip.eu\/de\/product\/2x-magneticky-drziak-na-zasobniky-upgrade\/","title":{"rendered":"2X MAGNETICK\u00dd DR\u017dIAK NA Z\u00c1SOBN\u00cdKY &#8211; UPGRADE"},"content":{"rendered":"","protected":false},"excerpt":{"rendered":"<p>2 kusy v balen\u00ed<\/p>\n<p>Materi\u00e1l: Magnet + spojovac\u00ed materi\u00e1l<\/p>\n","protected":false},"featured_media":2138,"comment_status":"closed","ping_status":"closed","template":"","meta":[],"product_brand":[],"product_cat":[110,112],"product_tag":[],"class_list":{"0":"post-2139","1":"product","2":"type-product","3":"status-publish","4":"has-post-thumbnail","6":"product_cat-strelecke-pomocky","7":"product_cat-doplnky","9":"first","10":"instock","11":"taxable","12":"shipping-taxable","13":"purchasable","14":"product-type-simple"},"aioseo_notices":[],"_links":{"self":[{"href":"https:\/\/www.patip.eu\/de\/wp-json\/wp\/v2\/product\/2139","targetHints":{"allow":["GET"]}}],"collection":[{"href":"https:\/\/www.patip.eu\/de\/wp-json\/wp\/v2\/product"}],"about":[{"href":"https:\/\/www.patip.eu\/de\/wp-json\/wp\/v2\/types\/product"}],"replies":[{"embeddable":true,"href":"https:\/\/www.patip.eu\/de\/wp-json\/wp\/v2\/comments?post=2139"}],"wp:featuredmedia":[{"embeddable":true,"href":"https:\/\/www.patip.eu\/de\/wp-json\/wp\/v2\/media\/2138"}],"wp:attachment":[{"href":"https:\/\/www.patip.eu\/de\/wp-json\/wp\/v2\/media?parent=2139"}],"wp:term":[{"taxonomy":"product_brand","embeddable":true,"href":"https:\/\/www.patip.eu\/de\/wp-json\/wp\/v2\/product_brand?post=2139"},{"taxonomy":"product_cat","embeddable":true,"href":"https:\/\/www.patip.eu\/de\/wp-json\/wp\/v2\/product_cat?post=2139"},{"taxonomy":"product_tag","embeddable":true,"href":"https:\/\/www.patip.eu\/de\/wp-json\/wp\/v2\/product_tag?post=2139"}],"curies":[{"name":"wp","href":"https:\/\/api.w.org\/{rel}","templated":true}]}}