{"id":2140,"date":"2020-04-21T11:24:20","date_gmt":"2020-04-21T09:24:20","guid":{"rendered":"http:\/\/www.patip.eu\/?post_type=product&#038;p=2140"},"modified":"2020-04-21T11:24:20","modified_gmt":"2020-04-21T09:24:20","slug":"rucne-baranidlo","status":"publish","type":"product","link":"https:\/\/www.patip.eu\/de\/product\/rucne-baranidlo\/","title":{"rendered":"RU\u010cN\u00c9 BARANIDLO"},"content":{"rendered":"","protected":false},"excerpt":{"rendered":"<p>Materi\u00e1l: kalen\u00e1 oce\u013e s tvrdos\u0165ou 500 Brinella.<\/p>\n<p>Rozmery: \u0161\u00edrka 160 mm, v\u00fd\u0161ka 180 mm a d\u013a\u017eka od 550 do 700 mm.<\/p>\n<p>Po\u0165ah: dielektrikum n\u00e1ter<\/p>\n","protected":false},"featured_media":2141,"comment_status":"closed","ping_status":"closed","template":"","meta":[],"product_brand":[],"product_cat":[113],"product_tag":[],"class_list":{"0":"post-2140","1":"product","2":"type-product","3":"status-publish","4":"has-post-thumbnail","6":"product_cat-specialna-vystroj","8":"first","9":"instock","10":"taxable","11":"shipping-taxable","12":"purchasable","13":"product-type-simple"},"aioseo_notices":[],"_links":{"self":[{"href":"https:\/\/www.patip.eu\/de\/wp-json\/wp\/v2\/product\/2140","targetHints":{"allow":["GET"]}}],"collection":[{"href":"https:\/\/www.patip.eu\/de\/wp-json\/wp\/v2\/product"}],"about":[{"href":"https:\/\/www.patip.eu\/de\/wp-json\/wp\/v2\/types\/product"}],"replies":[{"embeddable":true,"href":"https:\/\/www.patip.eu\/de\/wp-json\/wp\/v2\/comments?post=2140"}],"wp:featuredmedia":[{"embeddable":true,"href":"https:\/\/www.patip.eu\/de\/wp-json\/wp\/v2\/media\/2141"}],"wp:attachment":[{"href":"https:\/\/www.patip.eu\/de\/wp-json\/wp\/v2\/media?parent=2140"}],"wp:term":[{"taxonomy":"product_brand","embeddable":true,"href":"https:\/\/www.patip.eu\/de\/wp-json\/wp\/v2\/product_brand?post=2140"},{"taxonomy":"product_cat","embeddable":true,"href":"https:\/\/www.patip.eu\/de\/wp-json\/wp\/v2\/product_cat?post=2140"},{"taxonomy":"product_tag","embeddable":true,"href":"https:\/\/www.patip.eu\/de\/wp-json\/wp\/v2\/product_tag?post=2140"}],"curies":[{"name":"wp","href":"https:\/\/api.w.org\/{rel}","templated":true}]}}