{"id":2143,"date":"2020-04-21T11:26:35","date_gmt":"2020-04-21T09:26:35","guid":{"rendered":"http:\/\/www.patip.eu\/?post_type=product&#038;p=2143"},"modified":"2023-11-14T11:31:16","modified_gmt":"2023-11-14T10:31:16","slug":"teleskopicky-rebrik-na-boj-v-meste","status":"publish","type":"product","link":"https:\/\/www.patip.eu\/de\/product\/teleskopicky-rebrik-na-boj-v-meste\/","title":{"rendered":"TELESKOPICK\u00dd REBR\u00cdK NA BOJ V MESTE"},"content":{"rendered":"","protected":false},"excerpt":{"rendered":"<p><strong>Teleskopick\u00fd rebr\u00edk\u00a0na boj v meste<\/strong><\/p>\n<p><strong>Materi\u00e1l:\u00a0<\/strong>hlin\u00edk<\/p>\n<p><strong>Typ:\u00a0<\/strong>teleskopick\u00fd rebr\u00edk<\/p>\n<p><strong>Dl\u017eka v\u00a0rozlo\u017eenom stave:\u00a0<\/strong>400 cm<\/p>\n<p><strong>Dl\u017eka v zlo\u017eenom stave:\u00a0<\/strong>105 cm<\/p>\n<p><strong>\u0161irka:\u00a0<\/strong>49 cm<\/p>\n<p><strong>Hmotnos\u0165:\u00a0<\/strong>14 kg<\/p>\n<p><strong>Za\u0165a\u017eenie:<\/strong>\u00a0&gt; 150 kg<\/p>\n","protected":false},"featured_media":2145,"comment_status":"closed","ping_status":"closed","template":"","meta":[],"product_brand":[],"product_cat":[113],"product_tag":[],"class_list":{"0":"post-2143","1":"product","2":"type-product","3":"status-publish","4":"has-post-thumbnail","6":"product_cat-specialna-vystroj","8":"first","9":"onbackorder","10":"taxable","11":"shipping-taxable","12":"purchasable","13":"product-type-simple"},"aioseo_notices":[],"_links":{"self":[{"href":"https:\/\/www.patip.eu\/de\/wp-json\/wp\/v2\/product\/2143","targetHints":{"allow":["GET"]}}],"collection":[{"href":"https:\/\/www.patip.eu\/de\/wp-json\/wp\/v2\/product"}],"about":[{"href":"https:\/\/www.patip.eu\/de\/wp-json\/wp\/v2\/types\/product"}],"replies":[{"embeddable":true,"href":"https:\/\/www.patip.eu\/de\/wp-json\/wp\/v2\/comments?post=2143"}],"wp:featuredmedia":[{"embeddable":true,"href":"https:\/\/www.patip.eu\/de\/wp-json\/wp\/v2\/media\/2145"}],"wp:attachment":[{"href":"https:\/\/www.patip.eu\/de\/wp-json\/wp\/v2\/media?parent=2143"}],"wp:term":[{"taxonomy":"product_brand","embeddable":true,"href":"https:\/\/www.patip.eu\/de\/wp-json\/wp\/v2\/product_brand?post=2143"},{"taxonomy":"product_cat","embeddable":true,"href":"https:\/\/www.patip.eu\/de\/wp-json\/wp\/v2\/product_cat?post=2143"},{"taxonomy":"product_tag","embeddable":true,"href":"https:\/\/www.patip.eu\/de\/wp-json\/wp\/v2\/product_tag?post=2143"}],"curies":[{"name":"wp","href":"https:\/\/api.w.org\/{rel}","templated":true}]}}