{"id":2147,"date":"2020-04-21T11:28:02","date_gmt":"2020-04-21T09:28:02","guid":{"rendered":"http:\/\/www.patip.eu\/?post_type=product&#038;p=2147"},"modified":"2020-04-21T11:28:02","modified_gmt":"2020-04-21T09:28:02","slug":"pryzovy-obusok-s-plynovym-rozprasovacom","status":"publish","type":"product","link":"https:\/\/www.patip.eu\/de\/product\/pryzovy-obusok-s-plynovym-rozprasovacom\/","title":{"rendered":"PRY\u017dOV\u00dd OBU\u0160OK S PLYNOV\u00ddM ROZPRA\u0160OVA\u010cOM"},"content":{"rendered":"","protected":false},"excerpt":{"rendered":"<p><strong>Pry\u017eov\u00fd obu\u0161ok s plynov\u00fdm rozpra\u0161ova\u010dom<\/strong><\/p>\n<p><strong>Farba:\u00a0<\/strong>\u010dierna<\/p>\n<p><strong>Ve\u013ekos\u0165 :<\/strong>\u00a058 cm<\/p>\n<p><strong>Rozmery:<\/strong>\u00a0580 mm x 45 mm x 30 mm<\/p>\n<p><strong>Hmotnos\u0165:<\/strong>\u00a0350 g<\/p>\n","protected":false},"featured_media":2152,"comment_status":"closed","ping_status":"closed","template":"","meta":[],"product_brand":[],"product_cat":[113],"product_tag":[],"class_list":{"0":"post-2147","1":"product","2":"type-product","3":"status-publish","4":"has-post-thumbnail","6":"product_cat-specialna-vystroj","8":"first","9":"instock","10":"taxable","11":"shipping-taxable","12":"purchasable","13":"product-type-simple"},"aioseo_notices":[],"_links":{"self":[{"href":"https:\/\/www.patip.eu\/de\/wp-json\/wp\/v2\/product\/2147","targetHints":{"allow":["GET"]}}],"collection":[{"href":"https:\/\/www.patip.eu\/de\/wp-json\/wp\/v2\/product"}],"about":[{"href":"https:\/\/www.patip.eu\/de\/wp-json\/wp\/v2\/types\/product"}],"replies":[{"embeddable":true,"href":"https:\/\/www.patip.eu\/de\/wp-json\/wp\/v2\/comments?post=2147"}],"wp:featuredmedia":[{"embeddable":true,"href":"https:\/\/www.patip.eu\/de\/wp-json\/wp\/v2\/media\/2152"}],"wp:attachment":[{"href":"https:\/\/www.patip.eu\/de\/wp-json\/wp\/v2\/media?parent=2147"}],"wp:term":[{"taxonomy":"product_brand","embeddable":true,"href":"https:\/\/www.patip.eu\/de\/wp-json\/wp\/v2\/product_brand?post=2147"},{"taxonomy":"product_cat","embeddable":true,"href":"https:\/\/www.patip.eu\/de\/wp-json\/wp\/v2\/product_cat?post=2147"},{"taxonomy":"product_tag","embeddable":true,"href":"https:\/\/www.patip.eu\/de\/wp-json\/wp\/v2\/product_tag?post=2147"}],"curies":[{"name":"wp","href":"https:\/\/api.w.org\/{rel}","templated":true}]}}