{"id":2154,"date":"2020-04-21T12:53:53","date_gmt":"2020-04-21T10:53:53","guid":{"rendered":"http:\/\/www.patip.eu\/?post_type=product&#038;p=2154"},"modified":"2023-11-14T11:31:01","modified_gmt":"2023-11-14T10:31:01","slug":"mobilny-lapac-striel-s-balistickymi-gumovymi-blokmi","status":"publish","type":"product","link":"https:\/\/www.patip.eu\/de\/product\/mobilny-lapac-striel-s-balistickymi-gumovymi-blokmi\/","title":{"rendered":"MOBILN\u00dd LAPA\u010c STRIEL S BALISTICK\u00ddMI GUMOV\u00ddMI BLOKMI"},"content":{"rendered":"<p><\/p>\n<ul>\n<li>statick\u00fd alebo mobiln\u00fd lapa\u010d striel<\/li>\n<li>mnohon\u00e1sobn\u00e9 pou\u017eitie balistick\u00fdch g\u00fam<\/li>\n<li>vyroben\u00e9 z kalen\u00e9ho materi\u00e1lu o povrchovej tvrdosti 450-500 Brinellov<\/li>\n<li>ur\u010den\u00fd pre kr\u00e1tke streln\u00e9 zbrane<\/li>\n<li>gumov\u00e9 bloky s\u00fa jednoducho vymenite\u013en\u00e9<\/li>\n<li>ter\u010d je navrhnut\u00fd tak, aby spo\u013eahlivo sp\u013a\u0148al svoju funkciu i v n\u00e1ro\u010dn\u00fdch podmienkach arm\u00e1dy,\u00a0pol\u00edcie a \u0161portu.<\/li>\n<\/ul>\n<p>&nbsp;<\/p>\n<p>Mobiln\u00fd lapa\u010d striel s balistick\u00fdmi gumov\u00fdmi blokmi \u00a0je ur\u010den\u00fd pre strelnice umiestnen\u00e9 v uzavretom priestore. S t\u00fdmto mobiln\u00fdm lapa\u010dom striel m\u00f4\u017eete vyu\u017e\u00edva\u0165 v\u0161etky \u010dasti a k\u00faty va\u0161ej strelnice, zefekt\u00edvni\u0165 v\u00fduku a streleck\u00fd v\u00fdcvik. Pomocou n\u00e1\u0161ho lapa\u010du umiestnen\u00e9ho na \u0161tyroch kole\u010dk\u00e1ch dok\u00e1\u017eete vytvori\u0165 aj na\u00a0mal\u00fdch priestoroch atrakt\u00edvne park\u00farov\u00e9 strie\u013eanie. Na gumov\u00e9 balistick\u00e9 bloky pomocou spinkova\u010dky upevn\u00edte v\u0161etky druhy dostupn\u00fdch ter\u010dov.<\/p>\n<p>Ak je stred po cca 1000 ran\u00e1ch vystrie\u013ean\u00fd doka\u017eete gumov\u00fd blok n\u00e1sledne 3x znovu oto\u010di\u0165.<\/p>","protected":false},"excerpt":{"rendered":"<p><strong>Materi\u00e1l:<\/strong>\u00a0Kalen\u00e1 oce\u013e s tvrdos\u0165ou 450-500 Brinell + balistick\u00e9 gumov\u00e9 bloky<\/p>\n<p><strong>Hr\u00fabka:\u00a0<\/strong>6mm bo\u010dn\u00e9 steny, 8mm zadn\u00e1 stena<\/p>\n","protected":false},"featured_media":2158,"comment_status":"closed","ping_status":"closed","template":"","meta":[],"product_brand":[],"product_cat":[107],"product_tag":[],"class_list":{"0":"post-2154","1":"product","2":"type-product","3":"status-publish","4":"has-post-thumbnail","6":"product_cat-lapace-striel","8":"first","9":"onbackorder","10":"taxable","11":"shipping-taxable","12":"purchasable","13":"product-type-simple"},"aioseo_notices":[],"_links":{"self":[{"href":"https:\/\/www.patip.eu\/de\/wp-json\/wp\/v2\/product\/2154","targetHints":{"allow":["GET"]}}],"collection":[{"href":"https:\/\/www.patip.eu\/de\/wp-json\/wp\/v2\/product"}],"about":[{"href":"https:\/\/www.patip.eu\/de\/wp-json\/wp\/v2\/types\/product"}],"replies":[{"embeddable":true,"href":"https:\/\/www.patip.eu\/de\/wp-json\/wp\/v2\/comments?post=2154"}],"wp:featuredmedia":[{"embeddable":true,"href":"https:\/\/www.patip.eu\/de\/wp-json\/wp\/v2\/media\/2158"}],"wp:attachment":[{"href":"https:\/\/www.patip.eu\/de\/wp-json\/wp\/v2\/media?parent=2154"}],"wp:term":[{"taxonomy":"product_brand","embeddable":true,"href":"https:\/\/www.patip.eu\/de\/wp-json\/wp\/v2\/product_brand?post=2154"},{"taxonomy":"product_cat","embeddable":true,"href":"https:\/\/www.patip.eu\/de\/wp-json\/wp\/v2\/product_cat?post=2154"},{"taxonomy":"product_tag","embeddable":true,"href":"https:\/\/www.patip.eu\/de\/wp-json\/wp\/v2\/product_tag?post=2154"}],"curies":[{"name":"wp","href":"https:\/\/api.w.org\/{rel}","templated":true}]}}