{"id":2159,"date":"2020-04-21T14:14:58","date_gmt":"2020-04-21T12:14:58","guid":{"rendered":"http:\/\/www.patip.eu\/?post_type=product&#038;p=2159"},"modified":"2025-11-10T22:25:40","modified_gmt":"2025-11-10T21:25:40","slug":"balisticky-gumovy-blok","status":"publish","type":"product","link":"https:\/\/www.patip.eu\/de\/product\/balisticky-gumovy-blok\/","title":{"rendered":"BALISTICK\u00dd GUMOV\u00dd BLOK"},"content":{"rendered":"<p>Rozmery: 500x300x200<\/p>\n<p>Hustota: min 850 -1000 kg\/m3<\/p>\n<p>Tvrdo\u0165: cca 60<\/p>\n<p>Farba \u010cerven\u00e1, \u010cierna<\/p>\n<p>Odolnos\u0165 vo\u010di oh\u0148u: DIN4102-B2<\/p>\n<p>Zvukov\u00e1 izol\u00e1cia DIN 52212<\/p>\n<p>Balistick\u00fd gumov\u00fd blok je vyroben\u00fd z tvrdej vulkanizovanej recyklovanej gumy.\u00a0Balistick\u00fd blok sl\u00fa\u017ei na spomalenie a zastavovanie guliek vystrelen\u00fdch z kr\u00e1tkych a dlhych strel\u00fdch zbran\u00ed, \u0161rapnelov a odrazen\u00fdch striel. Ka\u017ed\u00fd blok m\u00e1 rozmery 500x300x200mm a v\u00e1\u017ei 25Kg. Balistick\u00fd blok dok\u00e1\u017ee zastavi\u0165 alebo spomali\u0165 pomaly alebo rychlo letiacu mun\u00edciu ako napr. 9mm Luger, .357mag, .40SW,.45APC, 7,62, .308 .223 at\u010f.<\/p>","protected":false},"excerpt":{"rendered":"<p><strong>Balistick\u00fd gumov\u00fd blok<\/strong><\/p>\n<p align=\"left\"><strong>Material:\u00a0<\/strong>vyroben\u00fd z tvrdej vulkanizovanej recyklovanej gumy<\/p>\n<p align=\"left\"><strong>Rozmery:<\/strong>\u00a0500x300x200<\/p>\n<p align=\"left\"><strong>Farba:<\/strong>\u00a0\u010cerven\u00e1, \u010cierna<\/p>\n","protected":false},"featured_media":2160,"comment_status":"closed","ping_status":"closed","template":"","meta":[],"product_brand":[],"product_cat":[107,112],"product_tag":[],"class_list":{"0":"post-2159","1":"product","2":"type-product","3":"status-publish","4":"has-post-thumbnail","6":"product_cat-lapace-striel","7":"product_cat-doplnky","9":"first","10":"onbackorder","11":"taxable","12":"shipping-taxable","13":"purchasable","14":"product-type-simple"},"aioseo_notices":[],"_links":{"self":[{"href":"https:\/\/www.patip.eu\/de\/wp-json\/wp\/v2\/product\/2159","targetHints":{"allow":["GET"]}}],"collection":[{"href":"https:\/\/www.patip.eu\/de\/wp-json\/wp\/v2\/product"}],"about":[{"href":"https:\/\/www.patip.eu\/de\/wp-json\/wp\/v2\/types\/product"}],"replies":[{"embeddable":true,"href":"https:\/\/www.patip.eu\/de\/wp-json\/wp\/v2\/comments?post=2159"}],"wp:featuredmedia":[{"embeddable":true,"href":"https:\/\/www.patip.eu\/de\/wp-json\/wp\/v2\/media\/2160"}],"wp:attachment":[{"href":"https:\/\/www.patip.eu\/de\/wp-json\/wp\/v2\/media?parent=2159"}],"wp:term":[{"taxonomy":"product_brand","embeddable":true,"href":"https:\/\/www.patip.eu\/de\/wp-json\/wp\/v2\/product_brand?post=2159"},{"taxonomy":"product_cat","embeddable":true,"href":"https:\/\/www.patip.eu\/de\/wp-json\/wp\/v2\/product_cat?post=2159"},{"taxonomy":"product_tag","embeddable":true,"href":"https:\/\/www.patip.eu\/de\/wp-json\/wp\/v2\/product_tag?post=2159"}],"curies":[{"name":"wp","href":"https:\/\/api.w.org\/{rel}","templated":true}]}}