{"id":2163,"date":"2020-04-21T14:51:21","date_gmt":"2020-04-21T12:51:21","guid":{"rendered":"http:\/\/www.patip.eu\/?post_type=product&#038;p=2163"},"modified":"2022-04-22T15:38:18","modified_gmt":"2022-04-22T13:38:18","slug":"reverzny-mini-pepper-popper-2","status":"publish","type":"product","link":"https:\/\/www.patip.eu\/de\/product\/reverzny-mini-pepper-popper-2\/","title":{"rendered":"REVERZN\u00dd MINI PEPPER POPPER"},"content":{"rendered":"<p>Reak\u010dn\u00fd reverzn\u00fd siluetov\u00fd ter\u010d.<\/p>\n<p>&#8211; nastavite\u013en\u00fd uhol sklonu<br \/>\n&#8211; mnohon\u00e1sobn\u00e9 pou\u017eitie<br \/>\n&#8211; z kalen\u00e9ho materi\u00e1lu o povrchovej tvrdosti 500 Brinell<br \/>\n&#8211;\u00a0ur\u010den\u00fd iba pre pi\u0161tolov\u00e9 kalibre<br \/>\n&#8211; obojstranne pou\u017eite\u013en\u00e1 cie\u013eov\u00e1 plat\u0148a je jednoducho vymenite\u013en\u00e1 na univerz\u00e1lnom podstavci<br \/>\n&#8211; ter\u010d je navrhnut\u00fd tak, aby spo\u013eahlivo sp\u013a\u0148al svoju funkciu aj v n\u00e1ro\u010dn\u00fdch podmienkach arm\u00e1dy a pol\u00edcie<\/p>\n<p>Tieto tr\u00e9ningov\u00e9 popre s\u00fa ve\u013emi vhodn\u00e9 pre tr\u00e9ning siluetovej stre\u013eby na kr\u00e1tke i dlh\u00e9 vzdialenosti. Akusticky i vizu\u00e1lne okam\u017eite vyhodnotia v\u00fdsledok z\u00e1sahu a automaticky sa vr\u00e1tia do v\u00fdchodiskovej poz\u00edcie a s\u00fa znova pripraven\u00e9 na \u010fal\u0161ie pou\u017eitie.<br \/>\nRozmery s\u00fa navrhnut\u00e9 pod\u013ea platn\u00fdch pravidiel pre praktick\u00fa stre\u013ebu &#8211; IPSC (International Practical Shooting Confederation).<\/p>\n","protected":false},"excerpt":{"rendered":"<p><strong>IPSC kovov\u00fd\u00a0ter\u010d ur\u010den\u00fd iba pre pi\u0161tolov\u00e9 kalibre.<\/strong><\/p>\n<p><strong>Materi\u00e1l:<\/strong>\u00a0kalen\u00e1 oce\u013e s tvrdos\u0165ou 500\u00a0Brinell<\/p>\n<p><strong>Hr\u00fabka:<\/strong><span class=\"apple-converted-space\">\u00a0<\/span>10mm<\/p>\n","protected":false},"featured_media":2164,"comment_status":"closed","ping_status":"closed","template":"","meta":[],"product_brand":[],"product_cat":[92],"product_tag":[],"class_list":{"0":"post-2163","1":"product","2":"type-product","3":"status-publish","4":"has-post-thumbnail","6":"product_cat-reverzne-terce","8":"first","9":"outofstock","10":"taxable","11":"shipping-taxable","12":"purchasable","13":"product-type-simple"},"aioseo_notices":[],"_links":{"self":[{"href":"https:\/\/www.patip.eu\/de\/wp-json\/wp\/v2\/product\/2163","targetHints":{"allow":["GET"]}}],"collection":[{"href":"https:\/\/www.patip.eu\/de\/wp-json\/wp\/v2\/product"}],"about":[{"href":"https:\/\/www.patip.eu\/de\/wp-json\/wp\/v2\/types\/product"}],"replies":[{"embeddable":true,"href":"https:\/\/www.patip.eu\/de\/wp-json\/wp\/v2\/comments?post=2163"}],"wp:featuredmedia":[{"embeddable":true,"href":"https:\/\/www.patip.eu\/de\/wp-json\/wp\/v2\/media\/2164"}],"wp:attachment":[{"href":"https:\/\/www.patip.eu\/de\/wp-json\/wp\/v2\/media?parent=2163"}],"wp:term":[{"taxonomy":"product_brand","embeddable":true,"href":"https:\/\/www.patip.eu\/de\/wp-json\/wp\/v2\/product_brand?post=2163"},{"taxonomy":"product_cat","embeddable":true,"href":"https:\/\/www.patip.eu\/de\/wp-json\/wp\/v2\/product_cat?post=2163"},{"taxonomy":"product_tag","embeddable":true,"href":"https:\/\/www.patip.eu\/de\/wp-json\/wp\/v2\/product_tag?post=2163"}],"curies":[{"name":"wp","href":"https:\/\/api.w.org\/{rel}","templated":true}]}}