{"id":2195,"date":"2020-04-23T10:54:24","date_gmt":"2020-04-23T08:54:24","guid":{"rendered":"http:\/\/www.patip.eu\/?post_type=product&#038;p=2195"},"modified":"2026-03-30T12:44:46","modified_gmt":"2026-03-30T10:44:46","slug":"ipsc-kartonovy-terc","status":"publish","type":"product","link":"https:\/\/www.patip.eu\/de\/product\/ipsc-kartonovy-terc\/","title":{"rendered":"IPSC KART\u00d3NOV\u00dd TER\u010c"},"content":{"rendered":"<p class=\"qtranxs-available-languages-message qtranxs-available-languages-message-de\">Leider ist der Eintrag nur auf <a href=\"https:\/\/www.patip.eu\/sk\/wp-json\/wp\/v2\/product\/2195\" class=\"qtranxs-available-language-link qtranxs-available-language-link-sk\" title=\"Sloven\u010dina\">Sloven\u010dina<\/a> und <a href=\"https:\/\/www.patip.eu\/en\/wp-json\/wp\/v2\/product\/2195\" class=\"qtranxs-available-language-link qtranxs-available-language-link-en\" title=\"English\">English<\/a> verf\u00fcgbar.<\/p>","protected":false},"excerpt":{"rendered":"<div class=\"short_dc\">\n<div id=\"short_description_content\" class=\"rte align_justify\">\n<p>100 kusov v balen\u00ed<\/p>\n<p><strong>Materi\u00e1l:<\/strong>\u00a0Kart\u00f3n<\/p>\n<\/div>\n<\/div>\n","protected":false},"featured_media":2197,"comment_status":"closed","ping_status":"closed","template":"","meta":[],"product_brand":[],"product_cat":[108,112],"product_tag":[],"class_list":{"0":"post-2195","1":"product","2":"type-product","3":"status-publish","4":"has-post-thumbnail","6":"product_cat-papierove-terce","7":"product_cat-doplnky","9":"first","10":"instock","11":"taxable","12":"shipping-taxable","13":"purchasable","14":"product-type-simple"},"aioseo_notices":[],"_links":{"self":[{"href":"https:\/\/www.patip.eu\/de\/wp-json\/wp\/v2\/product\/2195","targetHints":{"allow":["GET"]}}],"collection":[{"href":"https:\/\/www.patip.eu\/de\/wp-json\/wp\/v2\/product"}],"about":[{"href":"https:\/\/www.patip.eu\/de\/wp-json\/wp\/v2\/types\/product"}],"replies":[{"embeddable":true,"href":"https:\/\/www.patip.eu\/de\/wp-json\/wp\/v2\/comments?post=2195"}],"wp:featuredmedia":[{"embeddable":true,"href":"https:\/\/www.patip.eu\/de\/wp-json\/wp\/v2\/media\/2197"}],"wp:attachment":[{"href":"https:\/\/www.patip.eu\/de\/wp-json\/wp\/v2\/media?parent=2195"}],"wp:term":[{"taxonomy":"product_brand","embeddable":true,"href":"https:\/\/www.patip.eu\/de\/wp-json\/wp\/v2\/product_brand?post=2195"},{"taxonomy":"product_cat","embeddable":true,"href":"https:\/\/www.patip.eu\/de\/wp-json\/wp\/v2\/product_cat?post=2195"},{"taxonomy":"product_tag","embeddable":true,"href":"https:\/\/www.patip.eu\/de\/wp-json\/wp\/v2\/product_tag?post=2195"}],"curies":[{"name":"wp","href":"https:\/\/api.w.org\/{rel}","templated":true}]}}