{"id":2202,"date":"2020-04-23T11:31:04","date_gmt":"2020-04-23T09:31:04","guid":{"rendered":"http:\/\/www.patip.eu\/?post_type=product&#038;p=2202"},"modified":"2024-11-06T11:26:46","modified_gmt":"2024-11-06T10:26:46","slug":"kyvacka-s-dvoma-gongami-o200","status":"publish","type":"product","link":"https:\/\/www.patip.eu\/de\/product\/kyvacka-s-dvoma-gongami-o200\/","title":{"rendered":"K\u00ddVA\u010cKA S DVOMA GONGAMI \u00d8200"},"content":{"rendered":"<p>the swinging steel holder fixed on the shaft and stored in ball bearings is intended for holding two gongs with a hardness of 500 Brinell and a diameter of 200 mm<br \/>\nintended for short and long firearms<br \/>\na light, easy-to-move target that is ideal for tactical training according to pre-created scenarios and for IPSC races<br \/>\na target designed to reliably fulfill its function even in the demanding conditions of the army, police and sports.<\/p>\n<p>Gongs swinger will make it possible to economically incorporate moving targets into the training process. Due to their swinging ability, they can simulate a disinterested curious person peeking out from behind the corner of an apartment block, or an attacker taking cover during a shooting.<\/p>\n<p>The movement of the rocker is realized with the help of a counterweight. Gongs swinger can be activated by shooting down, opening the door, or pulling the rope&#8230; .<\/p>\n<p>The time of effective swinging is approx. 2 min.<\/p>\n<p>After the first gong is shot, the speed and nature of the swing will change.<\/p>","protected":false},"excerpt":{"rendered":"<div class=\"short_dc\">\n<div id=\"short_description_content\" class=\"rte align_justify\">\n<p><strong>Ur\u010den\u00fd pre kr\u00e1tke i dlh\u00e9 streln\u00e9 zbrane<\/strong><\/p>\n<p><strong>Materi\u00e1l:<\/strong>\u00a0Kon\u0161truk\u010dn\u00e1 oce\u013e + kalen\u00e1 oce\u013e s tvrdos\u0165ou 500 Brinell<\/p>\n<\/div>\n<\/div>\n","protected":false},"featured_media":2203,"comment_status":"closed","ping_status":"closed","template":"","meta":[],"product_brand":[],"product_cat":[133,134,132,135,136,93],"product_tag":[],"class_list":{"0":"post-2202","1":"product","2":"type-product","3":"status-publish","4":"has-post-thumbnail","6":"product_cat-hobby-strelba","7":"product_cat-ozbrojene-zlozky","8":"product_cat-sportova-strelba","9":"product_cat-terce-pre-pistole-a-ppc","10":"product_cat-terce-pre-pusky","11":"product_cat-pohyblive-terce-swingers","13":"first","14":"instock","15":"taxable","16":"shipping-taxable","17":"purchasable","18":"product-type-simple"},"aioseo_notices":[],"_links":{"self":[{"href":"https:\/\/www.patip.eu\/de\/wp-json\/wp\/v2\/product\/2202","targetHints":{"allow":["GET"]}}],"collection":[{"href":"https:\/\/www.patip.eu\/de\/wp-json\/wp\/v2\/product"}],"about":[{"href":"https:\/\/www.patip.eu\/de\/wp-json\/wp\/v2\/types\/product"}],"replies":[{"embeddable":true,"href":"https:\/\/www.patip.eu\/de\/wp-json\/wp\/v2\/comments?post=2202"}],"wp:featuredmedia":[{"embeddable":true,"href":"https:\/\/www.patip.eu\/de\/wp-json\/wp\/v2\/media\/2203"}],"wp:attachment":[{"href":"https:\/\/www.patip.eu\/de\/wp-json\/wp\/v2\/media?parent=2202"}],"wp:term":[{"taxonomy":"product_brand","embeddable":true,"href":"https:\/\/www.patip.eu\/de\/wp-json\/wp\/v2\/product_brand?post=2202"},{"taxonomy":"product_cat","embeddable":true,"href":"https:\/\/www.patip.eu\/de\/wp-json\/wp\/v2\/product_cat?post=2202"},{"taxonomy":"product_tag","embeddable":true,"href":"https:\/\/www.patip.eu\/de\/wp-json\/wp\/v2\/product_tag?post=2202"}],"curies":[{"name":"wp","href":"https:\/\/api.w.org\/{rel}","templated":true}]}}