{"id":2212,"date":"2020-04-23T11:36:44","date_gmt":"2020-04-23T09:36:44","guid":{"rendered":"http:\/\/www.patip.eu\/?post_type=product&#038;p=2212"},"modified":"2025-11-26T14:00:15","modified_gmt":"2025-11-26T13:00:15","slug":"duel-tree","status":"publish","type":"product","link":"https:\/\/www.patip.eu\/de\/product\/duel-tree\/","title":{"rendered":"DUEL TREE"},"content":{"rendered":"<p>&#8211; reak\u010dn\u00e9 oto\u010dn\u00e9 siluetov\u00e9 ter\u010de<\/p>\n<p>&#8211; z kalen\u00e9ho materi\u00e1lu o povrchovej tvrdosti 500 Brinellov<\/p>\n<p>&#8211; ur\u010den\u00e9 pre kr\u00e1tke i dlh\u00e9 streln\u00e9 zbrane<\/p>\n<p>&#8211; vhodn\u00e9 na streleck\u00e9 s\u00faboje<\/p>\n<p>&#8211; reset ter\u010dov pomocou vlastnej v\u00e1hy<\/p>\n<p>&#8211; ur\u010den\u00e9 aj na tr\u00e9ning r\u00fdchlosti a\u00a0presnosti<\/p>\n<p>&#8211; obojstranne pou\u017eite\u013en\u00e1 cie\u013eov\u00e1 plat\u0148a<\/p>\n<p>&#8211; cie\u013eov\u00e9 platne jednoducho vymenite\u013en\u00e9 na mas\u00edvnom podstavci<\/p>\n<p>&#8211; ter\u010d navrhnut\u00fd tak, aby spo\u013eahlivo sp\u013a\u0148al svoju funkciu i v n\u00e1ro\u010dn\u00fdch podmienkach arm\u00e1dy a pol\u00edcie<\/p>\n<p>Dvaja strelci za\u010d\u00ednaj\u00fa\u00a0\u00a0s\u00a0tromi cie\u013emi, ka\u017ed\u00fd na jednej strane strom\u010deka. Po \u0161tartovom sign\u00e1le strie\u013eaj\u00fa ter\u010de na patri\u010dn\u00fdch stran\u00e1ch. Ke\u010f je cie\u013e zasiahnut\u00fd preklop\u00ed sa na proti\u013eahl\u00fa stranu. V\u00e1\u0161 s\u00faper v\u0161ak s\u00fa\u010dasne vracia ciele sp\u00e4\u0165 na va\u0161u stranu. Prv\u00e9mu ktor\u00e9mu ostan\u00fa ciele na jeho strane prehr\u00e1va.<\/p>\n<p>Zabudnite na streleck\u00e9 s\u00faboje z\u00a0hist\u00f3rie. Pri tomto s\u00faboji pr\u00eddete maxim\u00e1lne o\u00a0\u010des\u0165. Ak netraf\u00edte, prehr\u00e1te. Ak neprebijete dos\u0165 r\u00fdchlo, prehr\u00e1te. \u017diadne v\u00fdhovorky, \u017eiadne dohady.<\/p>\n","protected":false},"excerpt":{"rendered":"<p><strong>Ur\u010den\u00e9 pre pu\u0161kov\u00e9 a pi\u0161to\u013eov\u00e9 strelivo<\/strong><\/p>\n<p><strong>Materi\u00e1l:<\/strong>\u00a0Kalen\u00e1 oce\u013e s tvrdos\u0165ou 500 Brinell<\/p>\n<p><strong>Hr\u00fabka:\u00a0<\/strong>6mm<\/p>\n","protected":false},"featured_media":2214,"comment_status":"closed","ping_status":"closed","template":"","meta":[],"product_brand":[],"product_cat":[133,134,132,135,93],"product_tag":[],"class_list":{"0":"post-2212","1":"product","2":"type-product","3":"status-publish","4":"has-post-thumbnail","6":"product_cat-hobby-strelba","7":"product_cat-ozbrojene-zlozky","8":"product_cat-sportova-strelba","9":"product_cat-terce-pre-pistole-a-ppc","10":"product_cat-pohyblive-terce-swingers","12":"first","13":"outofstock","14":"taxable","15":"shipping-taxable","16":"purchasable","17":"product-type-variable"},"aioseo_notices":[],"_links":{"self":[{"href":"https:\/\/www.patip.eu\/de\/wp-json\/wp\/v2\/product\/2212","targetHints":{"allow":["GET"]}}],"collection":[{"href":"https:\/\/www.patip.eu\/de\/wp-json\/wp\/v2\/product"}],"about":[{"href":"https:\/\/www.patip.eu\/de\/wp-json\/wp\/v2\/types\/product"}],"replies":[{"embeddable":true,"href":"https:\/\/www.patip.eu\/de\/wp-json\/wp\/v2\/comments?post=2212"}],"wp:featuredmedia":[{"embeddable":true,"href":"https:\/\/www.patip.eu\/de\/wp-json\/wp\/v2\/media\/2214"}],"wp:attachment":[{"href":"https:\/\/www.patip.eu\/de\/wp-json\/wp\/v2\/media?parent=2212"}],"wp:term":[{"taxonomy":"product_brand","embeddable":true,"href":"https:\/\/www.patip.eu\/de\/wp-json\/wp\/v2\/product_brand?post=2212"},{"taxonomy":"product_cat","embeddable":true,"href":"https:\/\/www.patip.eu\/de\/wp-json\/wp\/v2\/product_cat?post=2212"},{"taxonomy":"product_tag","embeddable":true,"href":"https:\/\/www.patip.eu\/de\/wp-json\/wp\/v2\/product_tag?post=2212"}],"curies":[{"name":"wp","href":"https:\/\/api.w.org\/{rel}","templated":true}]}}