{"id":2217,"date":"2020-04-23T11:42:40","date_gmt":"2020-04-23T09:42:40","guid":{"rendered":"http:\/\/www.patip.eu\/?post_type=product&#038;p=2217"},"modified":"2025-11-26T14:00:13","modified_gmt":"2025-11-26T13:00:13","slug":"kyvacka","status":"publish","type":"product","link":"https:\/\/www.patip.eu\/de\/product\/kyvacka\/","title":{"rendered":"K\u00ddVA\u010cKA"},"content":{"rendered":"<p>&#8211; v\u00fdkyvn\u00fd\u00a0oce\u013eov\u00fd dr\u017eiak\u00a0upevnen\u00fd na hriadeli a ulo\u017een\u00fd v guli\u010dkov\u00fdch lo\u017eisk\u00e1ch je ur\u010den\u00fd\u00a0pre uchytenie papierov\u00fdch ter\u010dov pomocou dreven\u00fdch kol\u00edkov<\/p>\n<p>&#8211; jednotliv\u00e9 i\u00a0viacn\u00e1sobn\u00e9 prevedenie<\/p>\n<p>&#8211;\u00a0ur\u010den\u00fd pre kr\u00e1tke i dlh\u00e9 streln\u00e9 zbrane<\/p>\n<p>&#8211; \u013eahk\u00fd, jednoducho premiestnite\u013en\u00fd, je ide\u00e1lny pre taktick\u00fd v\u00fdcvik pod\u013ea vopred vytvoren\u00fdch scen\u00e1rov<\/p>\n<p>&#8211; ter\u010d navrhnut\u00fd tak, aby spo\u013eahlivo sp\u013a\u0148al svoju funkciu aj v n\u00e1ro\u010dn\u00fdch podmienkach arm\u00e1dy,\u00a0pol\u00edcie a \u0161portu<\/p>\n<p>K\u00fdva\u010dky umo\u017enia ekonomicky v\u010dleni\u0165 pohybliv\u00e9 ter\u010de do tr\u00e9ningov\u00e9ho procesu. Pre svoju v\u00fdkyvn\u00fa schopnos\u0165 m\u00f4\u017eu simulova\u0165 nezainteresovan\u00fa zvedav\u00fa osobu vyk\u00fakaj\u00facu spoza rohu obytn\u00e9ho bloku, \u010di kryj\u00faceho sa \u00fato\u010dn\u00edka po\u010das stre\u013eby.<\/p>\n<p>Pohyb k\u00fdva\u010dky je realizovan\u00fd pomocou protiz\u00e1va\u017eia. K\u00fdva\u010dka sa m\u00f4\u017ee aktivova\u0165 zostrelen\u00edm popra, otvoren\u00edm dver\u00ed, \u010di zatiahnut\u00edm za lanko&#8230; .<\/p>\n<p>Doba efekt\u00edvneho k\u00fdvania sa\u00a0cca 1min.<\/p>\n","protected":false},"excerpt":{"rendered":"<p><strong>Ur\u010den\u00fd pre kr\u00e1tke i dlh\u00e9 streln\u00e9 zbrane<\/strong><\/p>\n<p><strong>Materi\u00e1l:<\/strong>\u00a0Kon\u0161truk\u010dn\u00e1 oce\u013e<\/p>\n","protected":false},"featured_media":2218,"comment_status":"closed","ping_status":"closed","template":"","meta":[],"product_brand":[],"product_cat":[133,134,132,135,93],"product_tag":[],"class_list":{"0":"post-2217","1":"product","2":"type-product","3":"status-publish","4":"has-post-thumbnail","6":"product_cat-hobby-strelba","7":"product_cat-ozbrojene-zlozky","8":"product_cat-sportova-strelba","9":"product_cat-terce-pre-pistole-a-ppc","10":"product_cat-pohyblive-terce-swingers","12":"first","13":"outofstock","14":"featured","15":"taxable","16":"shipping-taxable","17":"purchasable","18":"product-type-simple"},"aioseo_notices":[],"_links":{"self":[{"href":"https:\/\/www.patip.eu\/de\/wp-json\/wp\/v2\/product\/2217","targetHints":{"allow":["GET"]}}],"collection":[{"href":"https:\/\/www.patip.eu\/de\/wp-json\/wp\/v2\/product"}],"about":[{"href":"https:\/\/www.patip.eu\/de\/wp-json\/wp\/v2\/types\/product"}],"replies":[{"embeddable":true,"href":"https:\/\/www.patip.eu\/de\/wp-json\/wp\/v2\/comments?post=2217"}],"wp:featuredmedia":[{"embeddable":true,"href":"https:\/\/www.patip.eu\/de\/wp-json\/wp\/v2\/media\/2218"}],"wp:attachment":[{"href":"https:\/\/www.patip.eu\/de\/wp-json\/wp\/v2\/media?parent=2217"}],"wp:term":[{"taxonomy":"product_brand","embeddable":true,"href":"https:\/\/www.patip.eu\/de\/wp-json\/wp\/v2\/product_brand?post=2217"},{"taxonomy":"product_cat","embeddable":true,"href":"https:\/\/www.patip.eu\/de\/wp-json\/wp\/v2\/product_cat?post=2217"},{"taxonomy":"product_tag","embeddable":true,"href":"https:\/\/www.patip.eu\/de\/wp-json\/wp\/v2\/product_tag?post=2217"}],"curies":[{"name":"wp","href":"https:\/\/api.w.org\/{rel}","templated":true}]}}