{"id":2223,"date":"2020-04-23T11:51:52","date_gmt":"2020-04-23T09:51:52","guid":{"rendered":"http:\/\/www.patip.eu\/?post_type=product&#038;p=2223"},"modified":"2024-11-06T11:22:57","modified_gmt":"2024-11-06T10:22:57","slug":"dvojita-kyvacka-s-ipsc-kovovym-krytim-gong-o200","status":"publish","type":"product","link":"https:\/\/www.patip.eu\/de\/product\/dvojita-kyvacka-s-ipsc-kovovym-krytim-gong-o200\/","title":{"rendered":"DVOJIT\u00c1 K\u00ddVA\u010cKA S IPSC KOVOV\u00ddM KRYT\u00cdM + GONG \u00d8200"},"content":{"rendered":"<p>&#8211; v\u00fdkyvn\u00e9 oce\u013eov\u00e9 dr\u017eiaky upevnen\u00e9 na hriadeli a ulo\u017een\u00e9 v guli\u010dkov\u00fdch lo\u017eisk\u00e1ch s\u00fa\u00a0ur\u010den\u00e9 pre uchytenie papierov\u00fdch ter\u010dov pomocou dreven\u00fdch kol\u00edkov<\/p>\n<p>&#8211; ter\u010d zasunut\u00fd v stojane je z kalenej ocele o tvrdosti 500 Brinellov<\/p>\n<p>&#8211; jednotliv\u00e9 i\u00a0viacn\u00e1sobn\u00e9 prevedenie<\/p>\n<p>&#8211;\u00a0ur\u010den\u00fd pre kr\u00e1tke i dlh\u00e9 streln\u00e9 zbrane<\/p>\n<p>&#8211; \u013eahk\u00fd, jednoducho premiestnite\u013en\u00fd, je ide\u00e1lny pre taktick\u00fd v\u00fdcvik pod\u013ea vopred vytvoren\u00fdch scen\u00e1rov<\/p>\n<p>&#8211; ter\u010d navrhnut\u00fd tak, aby spo\u013eahlivo sp\u013a\u0148al svoju funkciu aj\u00a0v n\u00e1ro\u010dn\u00fdch podmienkach arm\u00e1dy ,\u00a0pol\u00edcie i \u0161portu<\/p>\n<p>K\u00fdva\u010dky V\u00e1m umo\u017enia ekonomicky v\u010dleni\u0165 pohybliv\u00e9 ter\u010de do v\u00e1\u0161ho tr\u00e9ningov\u00e9ho procesu. Pre svoju v\u00fdkyvn\u00fa schopnos\u0165 m\u00f4\u017eu simulova\u0165 nezainteresovan\u00fa zvedav\u00fa osobu vyk\u00fakaj\u00facu z\u00a0poza rohu obytn\u00e9ho bloku, \u010di kryj\u00faceho sa \u00fato\u010dn\u00edka po\u010das stre\u013eby.<\/p>\n<p>Pohyb k\u00fdva\u010dky je realizovan\u00fd pomocou protiz\u00e1va\u017eia. K\u00fdva\u010dka sa m\u00f4\u017ee aktivova\u0165 zostrelen\u00edm popra, otvoren\u00edm dver\u00ed, \u010di zatiahnut\u00edm za lanko&#8230; .<\/p>\n<p>Doba efekt\u00edvneho k\u00fdvania sa\u00a0cca 1min.<\/p>\n","protected":false},"excerpt":{"rendered":"<div class=\"short_dc\">\n<div id=\"short_description_content\" class=\"rte align_justify\">\n<p><strong>Ur\u010den\u00fd pre kr\u00e1tke i dlh\u00e9 streln\u00e9 zbrane<\/strong><\/p>\n<p><strong>Materi\u00e1l:<\/strong>\u00a0Kon\u0161truk\u010dn\u00e1 oce\u013e + tvrden\u00e1 oce\u013e o tvrdosti 500 Brinellov<\/p>\n<\/div>\n<\/div>\n","protected":false},"featured_media":2224,"comment_status":"closed","ping_status":"closed","template":"","meta":[],"product_brand":[],"product_cat":[134,132,135,93],"product_tag":[],"class_list":{"0":"post-2223","1":"product","2":"type-product","3":"status-publish","4":"has-post-thumbnail","6":"product_cat-ozbrojene-zlozky","7":"product_cat-sportova-strelba","8":"product_cat-terce-pre-pistole-a-ppc","9":"product_cat-pohyblive-terce-swingers","11":"first","12":"onbackorder","13":"taxable","14":"shipping-taxable","15":"purchasable","16":"product-type-simple"},"aioseo_notices":[],"_links":{"self":[{"href":"https:\/\/www.patip.eu\/de\/wp-json\/wp\/v2\/product\/2223","targetHints":{"allow":["GET"]}}],"collection":[{"href":"https:\/\/www.patip.eu\/de\/wp-json\/wp\/v2\/product"}],"about":[{"href":"https:\/\/www.patip.eu\/de\/wp-json\/wp\/v2\/types\/product"}],"replies":[{"embeddable":true,"href":"https:\/\/www.patip.eu\/de\/wp-json\/wp\/v2\/comments?post=2223"}],"wp:featuredmedia":[{"embeddable":true,"href":"https:\/\/www.patip.eu\/de\/wp-json\/wp\/v2\/media\/2224"}],"wp:attachment":[{"href":"https:\/\/www.patip.eu\/de\/wp-json\/wp\/v2\/media?parent=2223"}],"wp:term":[{"taxonomy":"product_brand","embeddable":true,"href":"https:\/\/www.patip.eu\/de\/wp-json\/wp\/v2\/product_brand?post=2223"},{"taxonomy":"product_cat","embeddable":true,"href":"https:\/\/www.patip.eu\/de\/wp-json\/wp\/v2\/product_cat?post=2223"},{"taxonomy":"product_tag","embeddable":true,"href":"https:\/\/www.patip.eu\/de\/wp-json\/wp\/v2\/product_tag?post=2223"}],"curies":[{"name":"wp","href":"https:\/\/api.w.org\/{rel}","templated":true}]}}