{"id":2225,"date":"2020-04-23T11:53:20","date_gmt":"2020-04-23T09:53:20","guid":{"rendered":"http:\/\/www.patip.eu\/?post_type=product&#038;p=2225"},"modified":"2021-04-26T08:26:27","modified_gmt":"2021-04-26T06:26:27","slug":"torzo-s-pohyblivou-srdcovou-zonou-s-ocelovou-podstavou","status":"publish","type":"product","link":"https:\/\/www.patip.eu\/de\/product\/torzo-s-pohyblivou-srdcovou-zonou-s-ocelovou-podstavou\/","title":{"rendered":"TORZO S POHYBLIVOU SRDCOVOU ZONOU S OCE\u013dOVOU PODSTAVOU"},"content":{"rendered":"<p>&#8211; statick\u00fd siluetov\u00fd ter\u010d s\u00a0oto\u010dn\u00fdmi z\u00e1sahov\u00fdmi z\u00f3nami<\/p>\n<p>&#8211; mnohon\u00e1sobn\u00e9 pou\u017eitie<\/p>\n<p>&#8211; vytv\u00e1ra realistick\u00e9 n\u00e1cviky a n\u00e1vyky<\/p>\n<p>&#8211; z kalen\u00e9ho materi\u00e1lu o povrchovej tvrdosti 500 Brinellov navrhnut\u00fd s\u00a0oh\u013eadom na maxim\u00e1lnu bezpe\u010dnos\u0165 a\u00a0\u017eivotnos\u0165<\/p>\n<p>&#8211; ur\u010den\u00fd pre kr\u00e1tke i dlh\u00e9 streln\u00e9 zbrane<\/p>\n<p>&#8211; realistickej\u0161\u00ed tr\u00e9ningov\u00fd proces<\/p>\n<p>&#8211; cie\u013eov\u00e1 plat\u0148a jednoducho vymenite\u013en\u00e1 na univerz\u00e1lnom podstavci<\/p>\n<p>&#8211; ter\u010d je navrhnut\u00fd tak, aby spo\u013eahlivo sp\u013a\u0148al svoju funkciu i v n\u00e1ro\u010dn\u00fdch podmienkach arm\u00e1dy a pol\u00edcie<\/p>\n<p>Tento statick\u00fd ter\u010d je vhodn\u00fd na tr\u00e9ningov\u00fa stre\u013ebu a\u00a0nahr\u00e1dza klasick\u00e9 papierov\u00e9 ter\u010de. Akusticky i vizu\u00e1lne okam\u017eite vyhodnot\u00ed v\u00fdsledok z\u00e1sahu, po z\u00e1sahu sa zasiahnut\u00e1 z\u00f3na preklop\u00ed a\u00a0vizu\u00e1lne ozna\u010d\u00ed zasiahnut\u00e9 miesto. Pri tr\u00e9ningu sa vytv\u00e1raj\u00fa realistick\u00e9 n\u00e1cviky a\u00a0n\u00e1vyky.<\/p>\n<p>Rozmery s\u00fa navrhnut\u00e9 pod\u013ea platn\u00fdch pravidiel pre praktick\u00fa stre\u013ebu &#8211; IPSC (<a href=\"http:\/\/en.wikipedia.org\/wiki\/International_Practical_Shooting_Confederation\">International Practical Shooting Confederation\u00a0<\/a>)<\/p>\n","protected":false},"excerpt":{"rendered":"<p><strong>Ur\u010den\u00e9 pre pu\u0161kov\u00e9 a pi\u0161to\u013eov\u00e9 strelivo<\/strong><\/p>\n<p><strong>Material:<\/strong>\u00a0Kalen\u00e1 oce\u013e s tvrdos\u0165ou 500 Brinell<\/p>\n<p><strong>Hr\u00fabka:\u00a0<\/strong>10\u00a0a 8mm<\/p>\n","protected":false},"featured_media":2226,"comment_status":"closed","ping_status":"closed","template":"","meta":[],"product_brand":[],"product_cat":[134,132,135,136,93],"product_tag":[],"class_list":{"0":"post-2225","1":"product","2":"type-product","3":"status-publish","4":"has-post-thumbnail","6":"product_cat-ozbrojene-zlozky","7":"product_cat-sportova-strelba","8":"product_cat-terce-pre-pistole-a-ppc","9":"product_cat-terce-pre-pusky","10":"product_cat-pohyblive-terce-swingers","12":"first","13":"instock","14":"taxable","15":"shipping-taxable","16":"purchasable","17":"product-type-simple"},"aioseo_notices":[],"_links":{"self":[{"href":"https:\/\/www.patip.eu\/de\/wp-json\/wp\/v2\/product\/2225","targetHints":{"allow":["GET"]}}],"collection":[{"href":"https:\/\/www.patip.eu\/de\/wp-json\/wp\/v2\/product"}],"about":[{"href":"https:\/\/www.patip.eu\/de\/wp-json\/wp\/v2\/types\/product"}],"replies":[{"embeddable":true,"href":"https:\/\/www.patip.eu\/de\/wp-json\/wp\/v2\/comments?post=2225"}],"wp:featuredmedia":[{"embeddable":true,"href":"https:\/\/www.patip.eu\/de\/wp-json\/wp\/v2\/media\/2226"}],"wp:attachment":[{"href":"https:\/\/www.patip.eu\/de\/wp-json\/wp\/v2\/media?parent=2225"}],"wp:term":[{"taxonomy":"product_brand","embeddable":true,"href":"https:\/\/www.patip.eu\/de\/wp-json\/wp\/v2\/product_brand?post=2225"},{"taxonomy":"product_cat","embeddable":true,"href":"https:\/\/www.patip.eu\/de\/wp-json\/wp\/v2\/product_cat?post=2225"},{"taxonomy":"product_tag","embeddable":true,"href":"https:\/\/www.patip.eu\/de\/wp-json\/wp\/v2\/product_tag?post=2225"}],"curies":[{"name":"wp","href":"https:\/\/api.w.org\/{rel}","templated":true}]}}