{"id":2259,"date":"2020-04-23T12:21:29","date_gmt":"2020-04-23T10:21:29","guid":{"rendered":"http:\/\/www.patip.eu\/?post_type=product&#038;p=2259"},"modified":"2022-05-23T15:18:06","modified_gmt":"2022-05-23T13:18:06","slug":"sniper-gong-so-stojanom","status":"publish","type":"product","link":"https:\/\/www.patip.eu\/de\/product\/sniper-gong-so-stojanom\/","title":{"rendered":"SNIPER GONG SO STOJANOM"},"content":{"rendered":"<p>&#8211; oto\u010dn\u00fd ter\u010d<\/p>\n<p>&#8211; cie\u013eov\u00fd ter\u010d je vyroben\u00fd z kalen\u00e9ho materi\u00e1lu o povrchovej tvrdosti 500 Brinellov<\/p>\n<p>&#8211; ur\u010den\u00fd pre dlh\u00e9 streln\u00e9 zbrane najm\u00e4 pre discipl\u00edny Long Rifel alebo SNIPER<\/p>\n<p>&#8211; vhodn\u00fd na streleck\u00fd tr\u00e9ning najm\u00e4 na v\u00e4\u010d\u0161ie vzdialenosti<\/p>\n<p>&#8211; samoresetovacia funkcia &#8211;\u00a0reset ter\u010du pomocou vlastnej v\u00e1hy<\/p>\n<p>&#8211; ter\u010d je navrhnut\u00fd tak, aby spo\u013eahlivo sp\u013a\u0148al svoju funkciu aj\u00a0v n\u00e1ro\u010dn\u00fdch\u00a0podmienkach arm\u00e1dy a pol\u00edcie<\/p>\n<p>Syst\u00e9m oto\u010dn\u00e9ho ter\u010du s\u00a0automatick\u00fdm resetom umo\u017e\u0148uje stre\u013ebu bez nutnosti chodenia k\u00a0ter\u010dom. Po z\u00e1sahu sa ter\u010d automaticky resetuje do v\u00fdchodiskovej polohy.<\/p>\n<p>Rozmery gongu s\u00fa navrhnut\u00e9 pod\u013ea platn\u00fdch pravidiel pre praktick\u00fa stre\u013ebu &#8211; IPSC (<a href=\"http:\/\/en.wikipedia.org\/wiki\/International_Practical_Shooting_Confederation\">International Practical Shooting Confederation\u00a0<\/a>).<\/p>\n","protected":false},"excerpt":{"rendered":"<p><strong>Ur\u010den\u00e9 najm\u00e4 pre pu\u0161kov\u00e9 strelivo<\/strong><\/p>\n<p><strong>Materi\u00e1l:<\/strong><span class=\"apple-converted-space\">\u00a0<\/span>Profilov\u00e1 + Kalen\u00e1 oce\u013e s tvrdos\u0165ou 500 Brinell<\/p>\n<p><strong>Hr\u00fabka:<\/strong><span class=\"apple-converted-space\">\u00a012\u00a0<\/span>mm<\/p>\n","protected":false},"featured_media":2266,"comment_status":"closed","ping_status":"closed","template":"","meta":[],"product_brand":[],"product_cat":[91],"product_tag":[],"class_list":{"0":"post-2259","1":"product","2":"type-product","3":"status-publish","4":"has-post-thumbnail","6":"product_cat-zavesne-kovove-terce","8":"first","9":"instock","10":"taxable","11":"shipping-taxable","12":"purchasable","13":"product-type-variable"},"aioseo_notices":[],"_links":{"self":[{"href":"https:\/\/www.patip.eu\/de\/wp-json\/wp\/v2\/product\/2259","targetHints":{"allow":["GET"]}}],"collection":[{"href":"https:\/\/www.patip.eu\/de\/wp-json\/wp\/v2\/product"}],"about":[{"href":"https:\/\/www.patip.eu\/de\/wp-json\/wp\/v2\/types\/product"}],"replies":[{"embeddable":true,"href":"https:\/\/www.patip.eu\/de\/wp-json\/wp\/v2\/comments?post=2259"}],"wp:featuredmedia":[{"embeddable":true,"href":"https:\/\/www.patip.eu\/de\/wp-json\/wp\/v2\/media\/2266"}],"wp:attachment":[{"href":"https:\/\/www.patip.eu\/de\/wp-json\/wp\/v2\/media?parent=2259"}],"wp:term":[{"taxonomy":"product_brand","embeddable":true,"href":"https:\/\/www.patip.eu\/de\/wp-json\/wp\/v2\/product_brand?post=2259"},{"taxonomy":"product_cat","embeddable":true,"href":"https:\/\/www.patip.eu\/de\/wp-json\/wp\/v2\/product_cat?post=2259"},{"taxonomy":"product_tag","embeddable":true,"href":"https:\/\/www.patip.eu\/de\/wp-json\/wp\/v2\/product_tag?post=2259"}],"curies":[{"name":"wp","href":"https:\/\/api.w.org\/{rel}","templated":true}]}}