{"id":2288,"date":"2020-04-24T00:41:02","date_gmt":"2020-04-23T22:41:02","guid":{"rendered":"http:\/\/www.patip.eu\/?post_type=product&#038;p=2288"},"modified":"2022-08-17T11:16:02","modified_gmt":"2022-08-17T09:16:02","slug":"platna-so-stojanom","status":"publish","type":"product","link":"https:\/\/www.patip.eu\/de\/product\/platna-so-stojanom\/","title":{"rendered":"PLAT\u0147A SO STOJANOM"},"content":{"rendered":"<p>- statick\u00fd ter\u010d<\/p>\n<p>&#8211; mnohon\u00e1sobn\u00e9 pou\u017eitie<\/p>\n<p>&#8211; z kalen\u00e9ho materi\u00e1lu o povrchovej tvrdosti 500 Brinellov<\/p>\n<p>&#8211; ur\u010den\u00fd pre kr\u00e1tke i dlh\u00e9 streln\u00e9 zbrane<\/p>\n<p>&#8211; obojstrann\u00e9 pou\u017eitie<\/p>\n<p>&#8211; ter\u010d je navrhnut\u00fd tak, aby spo\u013eahlivo\u00a0sp\u013a\u0148al svoju funkciu aj v n\u00e1ro\u010dn\u00fdch podmienkach arm\u00e1dy,\u00a0pol\u00edcie a \u0161portu<\/p>\n<p>&nbsp;<\/p>\n<p>Tento statick\u00fd ter\u010d je vhodn\u00fd na tr\u00e9ningov\u00fa stre\u013ebu a\u00a0nahr\u00e1dza klasick\u00e9 papierov\u00e9 ter\u010de. Akusticky i vizu\u00e1lne okam\u017eite vyhodnot\u00ed v\u00fdsledok z\u00e1sahu.<\/p>\n<p>Rozmery gongov a\u00a0plejtov s\u00fa navrhnut\u00e9 pod\u013ea platn\u00fdch pravidiel pre praktick\u00fa stre\u013ebu &#8211; IPSC (<a href=\"http:\/\/en.wikipedia.org\/wiki\/International_Practical_Shooting_Confederation\">International Practical Shooting Confederation\u00a0<\/a>).<\/p>","protected":false},"excerpt":{"rendered":"<p><strong>Ur\u010den\u00e9 pre pu\u0161kov\u00e9 a pi\u0161to\u013eov\u00e9 strelivo<\/strong><\/p>\n<p><strong>Materi\u00e1l:<\/strong><span class=\"apple-converted-space\">\u00a0<\/span>Tvrden\u00e1 oce\u013e 500\u00a0Brinell<\/p>\n<p><strong>Hr\u00fabka:<\/strong><span class=\"apple-converted-space\">\u00a0<\/span>10mm<\/p>\n","protected":false},"featured_media":2289,"comment_status":"closed","ping_status":"closed","template":"","meta":[],"product_brand":[],"product_cat":[90],"product_tag":[],"class_list":{"0":"post-2288","1":"product","2":"type-product","3":"status-publish","4":"has-post-thumbnail","6":"product_cat-staticke-kovove-terce","8":"first","9":"instock","10":"taxable","11":"shipping-taxable","12":"purchasable","13":"product-type-variable"},"aioseo_notices":[],"_links":{"self":[{"href":"https:\/\/www.patip.eu\/de\/wp-json\/wp\/v2\/product\/2288","targetHints":{"allow":["GET"]}}],"collection":[{"href":"https:\/\/www.patip.eu\/de\/wp-json\/wp\/v2\/product"}],"about":[{"href":"https:\/\/www.patip.eu\/de\/wp-json\/wp\/v2\/types\/product"}],"replies":[{"embeddable":true,"href":"https:\/\/www.patip.eu\/de\/wp-json\/wp\/v2\/comments?post=2288"}],"wp:featuredmedia":[{"embeddable":true,"href":"https:\/\/www.patip.eu\/de\/wp-json\/wp\/v2\/media\/2289"}],"wp:attachment":[{"href":"https:\/\/www.patip.eu\/de\/wp-json\/wp\/v2\/media?parent=2288"}],"wp:term":[{"taxonomy":"product_brand","embeddable":true,"href":"https:\/\/www.patip.eu\/de\/wp-json\/wp\/v2\/product_brand?post=2288"},{"taxonomy":"product_cat","embeddable":true,"href":"https:\/\/www.patip.eu\/de\/wp-json\/wp\/v2\/product_cat?post=2288"},{"taxonomy":"product_tag","embeddable":true,"href":"https:\/\/www.patip.eu\/de\/wp-json\/wp\/v2\/product_tag?post=2288"}],"curies":[{"name":"wp","href":"https:\/\/api.w.org\/{rel}","templated":true}]}}