{"id":2794,"date":"2021-09-30T11:07:51","date_gmt":"2021-09-30T09:07:51","guid":{"rendered":"https:\/\/www.patip.eu\/?post_type=product&#038;p=2794"},"modified":"2026-04-08T14:21:28","modified_gmt":"2026-04-08T12:21:28","slug":"e3-original-metal-conditioner","status":"publish","type":"product","link":"https:\/\/www.patip.eu\/de\/product\/e3-original-metal-conditioner\/","title":{"rendered":"E3 ORIGINAL  Metal Conditioner"},"content":{"rendered":"<p><strong>Metal conditioner<\/strong>\u00a0 je obecn\u00fd n\u00e1zev pro kapalinu, kter\u00e1 zu\u0161lech\u0165uje povrchy kov\u016f a byla vyvinuta pro extr\u00e9mn\u011b vysokou tepelnou a mechanickou z\u00e1t\u011b\u017e, vysp\u011bl\u00fdch HI-TECHnologii v NASA, letectv\u00ed, t\u011b\u017ek\u00e9m pr\u016fmyslu a auto-moto sportu. Metal Conditioner si svou premi\u00e9ru odbyl i ve sv\u011bt\u011b Formule a GP.<\/p>\n<p>&nbsp;<\/p>\n<div class=\"elementor-element elementor-element-2da5c0d elementor-widget elementor-widget-text-editor\" data-id=\"2da5c0d\" data-element_type=\"widget\" data-widget_type=\"text-editor.default\">\n<div class=\"elementor-widget-container\">\n<div class=\"elementor-text-editor elementor-clearfix\">\n<p>Metal<strong>\u00a0Condicioner E3<\/strong>\u00a0<b>Original,\u00a0<\/b>produkt kter\u00fd vstoupil do 5-t\u00e9 generace m\u00e1 ozna\u010dujen\u00ed\u00a0<strong>\u00a0<span class=\"glossaryLink \" style=\"box-sizing: border-box; cursor: pointer; border-bottom: 1px dotted; text-decoration: none !important;\" data-cmtooltip=\"&lt;p style=&quot;text-align: center;&quot;&gt;METAL CONDITIONER E3 ORIGINAL&lt;\/p&gt;\">MCE3<\/span>\u00a0EXTREM (d\u00e1le jen\u00a0<span class=\"glossaryLink \" style=\"box-sizing: border-box; cursor: pointer; border-bottom: 1px dotted; text-decoration: none !important;\" data-cmtooltip=\"&lt;p style=&quot;text-align: center;&quot;&gt;METAL CONDITIONER E3 ORIGINAL&lt;\/p&gt;\">MCE3<\/span>)\u00a0<\/strong>\u00a0je\u00a0 HI-TECH produkt , kter\u00fd je netradi\u010dn\u00ed p\u0159\u00edsadou do provozn\u00edch kapalin, kde\u00a0 vytv\u00e1\u0159\u00ed na povrchu kovu nanotechnologickou vysoce odolnou a odporovou vrstvu odol\u00e1vaj\u00edc\u00ed vysok\u00fdm teplot\u00e1m a nadm\u011brn\u00e9mu mechanick\u00e9mu zat\u00ed\u017een\u00ed.<\/p>\n<\/div>\n<\/div>\n<\/div>\n<div class=\"elementor-element elementor-element-35949f9 elementor-widget elementor-widget-image\" data-id=\"35949f9\" data-element_type=\"widget\" data-widget_type=\"image.default\">\n<div class=\"elementor-widget-container\">\n<div class=\"elementor-image\"><img loading=\"lazy\" decoding=\"async\" class=\"attachment-large size-large ls-is-cached lazyloaded\" src=\"https:\/\/sp-ao.shortpixel.ai\/client\/to_avif,q_glossy,ret_img,w_1024,h_760\/https:\/\/e3original.com\/wp-content\/uploads\/2019\/10\/E3-logo_kr%CC%8Civky-1024x760.png\" sizes=\"auto, (max-width: 1024px) 100vw, 1024px\" srcset=\"https:\/\/e3original.com\/wp-content\/uploads\/2019\/10\/E3-logo_kr\u030civky-1024x760.png 1024w, https:\/\/e3original.com\/wp-content\/uploads\/2019\/10\/E3-logo_kr\u030civky-300x223.png 300w, https:\/\/e3original.com\/wp-content\/uploads\/2019\/10\/E3-logo_kr\u030civky-768x570.png 768w\" alt=\"\" width=\"1024\" height=\"760\" data-src=\"https:\/\/sp-ao.shortpixel.ai\/client\/to_avif,q_glossy,ret_img,w_1024,h_760\/https:\/\/e3original.com\/wp-content\/uploads\/2019\/10\/E3-logo_kr%CC%8Civky-1024x760.png\" data-srcset=\"https:\/\/e3original.com\/wp-content\/uploads\/2019\/10\/E3-logo_kr\u030civky-1024x760.png 1024w, https:\/\/e3original.com\/wp-content\/uploads\/2019\/10\/E3-logo_kr\u030civky-300x223.png 300w, https:\/\/e3original.com\/wp-content\/uploads\/2019\/10\/E3-logo_kr\u030civky-768x570.png 768w\" data-sizes=\"(max-width: 1024px) 100vw, 1024px\" data-attachment-id=\"1729\" data-permalink=\"https:\/\/e3original.com\/conditioner\/e3-logo_krivky-2\/\" data-orig-file=\"https:\/\/e3original.com\/wp-content\/uploads\/2019\/10\/E3-logo_kr\u030civky-scaled.png\" data-orig-size=\"3545,2630\" data-comments-opened=\"1\" data-image-meta=\"{&quot;aperture&quot;:&quot;0&quot;,&quot;credit&quot;:&quot;&quot;,&quot;camera&quot;:&quot;&quot;,&quot;caption&quot;:&quot;&quot;,&quot;created_timestamp&quot;:&quot;0&quot;,&quot;copyright&quot;:&quot;&quot;,&quot;focal_length&quot;:&quot;0&quot;,&quot;iso&quot;:&quot;0&quot;,&quot;shutter_speed&quot;:&quot;0&quot;,&quot;title&quot;:&quot;&quot;,&quot;orientation&quot;:&quot;0&quot;}\" data-image-title=\"E3 logo_kr\u030civky\" data-image-description=\"\" data-image-caption=\"\" data-medium-file=\"https:\/\/e3original.com\/wp-content\/uploads\/2019\/10\/E3-logo_kr\u030civky-300x223.png\" data-large-file=\"https:\/\/e3original.com\/wp-content\/uploads\/2019\/10\/E3-logo_kr\u030civky-1024x760.png\" \/><\/div>\n<\/div>\n<\/div>\n<section class=\"elementor-section elementor-inner-section elementor-element elementor-element-7f7cefa elementor-section-boxed elementor-section-height-default elementor-section-height-default\" data-id=\"7f7cefa\" data-element_type=\"section\">\n<div class=\"elementor-container elementor-column-gap-default\">\n<div class=\"elementor-row\">\n<div class=\"elementor-column elementor-col-100 elementor-inner-column elementor-element elementor-element-fd0b2dc\" data-id=\"fd0b2dc\" data-element_type=\"column\">\n<div class=\"elementor-column-wrap elementor-element-populated\">\n<div class=\"elementor-widget-wrap\">\n<div class=\"elementor-element elementor-element-ced5de9 elementor-widget elementor-widget-text-editor\" data-id=\"ced5de9\" data-element_type=\"widget\" data-widget_type=\"text-editor.default\">\n<div class=\"elementor-widget-container\">\n<div class=\"elementor-text-editor elementor-clearfix\">\n<p><span class=\"glossaryLink \" style=\"box-sizing: border-box; cursor: pointer; border-bottom: 1px dotted; text-decoration: none !important;\" data-cmtooltip=\"&lt;p style=&quot;text-align: center;&quot;&gt;METAL CONDITIONER E3 ORIGINAL&lt;\/p&gt;\">MCE3<\/span>\u00a0je 100% syntetick\u00e1 kapalina, kter\u00e1\u00a0<strong>neobsahuje \u017e\u00e1dn\u00e9 pevn\u00e9 \u010d\u00e1stice<\/strong>, jako jsou nap\u0159\u00edklad p\u0159\u00edsady na b\u00e1zi teflonu, PTFE, m\u011bdi nebo molekuly olova apod. \u2026 Z tohoto d\u016fvodu nehroz\u00ed \u017e\u00e1dn\u00e9 riziko ucp\u00e1v\u00e1n\u00ed filtr\u016f a olejov\u00fdch mazac\u00edch kan\u00e1lk\u016f, rovn\u011b\u017e nejsou \u017e\u00e1dn\u00e9 probl\u00e9my s odv\u00e1d\u011bn\u00edm tepla. Je to prost\u0159edkem pro zu\u0161lech\u0165ov\u00e1n\u00ed kov\u016f nejlep\u0161\u00ed jakosti, nem\u011bn\u00edc\u00ed plastick\u00e9 vlastnosti kov\u016f, p\u016fsob\u00edc\u00ed na b\u00e1zi syntetick\u00fdch deriv\u00e1t\u016f uhlovod\u00edk\u016f, chr\u00e1n\u00edc\u00ed kovy st\u00e1lou syntetickou molekul\u00e1rn\u00ed vazbou s obsahem inhibitoru koroze. Charakterizuje se velkou molekulovou hmotnost\u00ed, vysokou chemickou a termickou stabilitou, nezapo\u010d\u00edt\u00e1v\u00e1 se do skupiny nebezpe\u010dn\u00fdch l\u00e1tek, neobsahuje \u017e\u00e1dn\u00e9 \u0161kodliv\u00e9 slo\u017eky, ani \u017e\u00e1dn\u00e1 rozpou\u0161t\u011bdla s n\u00edzkou molekulovou stabilitou, zmen\u0161uje \/ sni\u017euje oxida\u010dn\u00ed schopnost kov\u016f.\u00a0<span class=\"glossaryLink \" style=\"box-sizing: border-box; cursor: pointer; border-bottom: 1px dotted; text-decoration: none !important;\" data-cmtooltip=\"&lt;p style=&quot;text-align: center;&quot;&gt;METAL CONDITIONER E3 ORIGINAL&lt;\/p&gt;\">MCE3<\/span>\u00a0se molekul\u00e1rn\u011b v\u00e1\u017ee s chr\u00e1n\u011bnou t\u0159ec\u00ed plochou, kde vytv\u00e1\u0159\u00ed na v\u0161ech rota\u010dn\u00edch a t\u0159ec\u00edch st\u011bn\u00e1ch makromolekul\u00e1rn\u00ed ochrannou vrstvu. Prom\u00edchan\u00fd s provozn\u00ed kapalinou vytv\u00e1\u0159\u00ed trvalou a odolnou makromolekul\u00e1rn\u00ed mazac\u00ed vrstvu s vysokou pevnost\u00ed a kluznost\u00ed odol\u00e1vaj\u00edc\u00ed vysok\u00e9 teplot\u011b a zna\u010dn\u00e9mu mechanick\u00e9mu zat\u00ed\u017een\u00ed, zabra\u0148uje such\u00e9mu t\u0159en\u00ed (studen\u00e9 starty). Vlivem cirkulace provozn\u00edch kapalin se dost\u00e1v\u00e1 na kluzn\u00e9 a t\u0159ec\u00ed plochy, kde okam\u017eit\u011b vytvo\u0159\u00ed mikromolekul\u00e1rn\u00ed vnit\u0159n\u00ed ochrannou strukturu a vn\u011bj\u0161\u00ed ochrann\u00fd film.\u00a0<span class=\"glossaryLink \" style=\"box-sizing: border-box; cursor: pointer; border-bottom: 1px dotted; text-decoration: none !important;\" data-cmtooltip=\"&lt;p style=&quot;text-align: center;&quot;&gt;METAL CONDITIONER E3 ORIGINAL&lt;\/p&gt;\">MCE3<\/span>\u00a0p\u016fsob\u00ed ihned po jeho aplikaci, \u00fa\u010dinkuje p\u0159\u00edmo na kov na molekul\u00e1rn\u00ed \u00farovni.\u00a0\u00a0<strong><span class=\"glossaryLink \" style=\"box-sizing: border-box; cursor: pointer; border-bottom: 1px dotted; text-decoration: none !important;\" data-cmtooltip=\"&lt;p style=&quot;text-align: center;&quot;&gt;METAL CONDITIONER E3 ORIGINAL&lt;\/p&gt;\">MCE3<\/span>\u00a0nen\u00ed olej ani adetivum, ale tekut\u00e1 p\u0159\u00edsada do provozn\u00edch kapalin, kter\u00fd\u00a0 odborn\u011b naz\u00fdv\u00e1nme zu\u0161lech\u0165ova\u010dem povrch\u016f kov\u016f.<\/strong><\/p>\n<p><iframe loading=\"lazy\" title=\"MCE3 original - Falex test | Studio E3\" width=\"1140\" height=\"641\" src=\"https:\/\/www.youtube.com\/embed\/BmCZ8BXVdLc?start=21&#038;feature=oembed\" frameborder=\"0\" allow=\"accelerometer; autoplay; clipboard-write; encrypted-media; gyroscope; picture-in-picture; web-share\" referrerpolicy=\"strict-origin-when-cross-origin\" allowfullscreen><\/iframe><\/p>\n<\/div>\n<\/div>\n<\/div>\n<\/div>\n<\/div>\n<\/div>\n<\/div>\n<\/div>\n<\/section>\n<p><\/p>","protected":false},"excerpt":{"rendered":"<p><strong>E3 ORIGINAL<\/strong><\/p>\n<p>Metal Conditioner<\/p>\n<p><strong>250 ml<\/strong><\/p>\n","protected":false},"featured_media":2795,"comment_status":"closed","ping_status":"closed","template":"","meta":[],"product_brand":[],"product_cat":[145],"product_tag":[],"class_list":{"0":"post-2794","1":"product","2":"type-product","3":"status-publish","4":"has-post-thumbnail","6":"product_cat-e3-original","8":"first","9":"outofstock","10":"taxable","11":"shipping-taxable","12":"purchasable","13":"product-type-simple"},"aioseo_notices":[],"_links":{"self":[{"href":"https:\/\/www.patip.eu\/de\/wp-json\/wp\/v2\/product\/2794","targetHints":{"allow":["GET"]}}],"collection":[{"href":"https:\/\/www.patip.eu\/de\/wp-json\/wp\/v2\/product"}],"about":[{"href":"https:\/\/www.patip.eu\/de\/wp-json\/wp\/v2\/types\/product"}],"replies":[{"embeddable":true,"href":"https:\/\/www.patip.eu\/de\/wp-json\/wp\/v2\/comments?post=2794"}],"wp:featuredmedia":[{"embeddable":true,"href":"https:\/\/www.patip.eu\/de\/wp-json\/wp\/v2\/media\/2795"}],"wp:attachment":[{"href":"https:\/\/www.patip.eu\/de\/wp-json\/wp\/v2\/media?parent=2794"}],"wp:term":[{"taxonomy":"product_brand","embeddable":true,"href":"https:\/\/www.patip.eu\/de\/wp-json\/wp\/v2\/product_brand?post=2794"},{"taxonomy":"product_cat","embeddable":true,"href":"https:\/\/www.patip.eu\/de\/wp-json\/wp\/v2\/product_cat?post=2794"},{"taxonomy":"product_tag","embeddable":true,"href":"https:\/\/www.patip.eu\/de\/wp-json\/wp\/v2\/product_tag?post=2794"}],"curies":[{"name":"wp","href":"https:\/\/api.w.org\/{rel}","templated":true}]}}