{"id":2800,"date":"2021-09-30T11:53:50","date_gmt":"2021-09-30T09:53:50","guid":{"rendered":"https:\/\/www.patip.eu\/?post_type=product&#038;p=2800"},"modified":"2026-04-08T14:20:39","modified_gmt":"2026-04-08T12:20:39","slug":"e3-multivaseline","status":"publish","type":"product","link":"https:\/\/www.patip.eu\/de\/product\/e3-multivaseline\/","title":{"rendered":"E3 MULTIVASELINE"},"content":{"rendered":"<p>Multivselina V1 je univers\u00e1ln\u00ed plastick\u00e9 mazivo s p\u0159\u00edsadou formule E3 ORIGINAL a\u00a0 m\u016f\u017eeme ho uplatnit v mnoha pr\u016fmyslov\u00fdch odv\u011btv\u00edch nebo atomotivu, kde doch\u00e1z\u00ed k t\u0159en\u00ed mezi kovov\u00fdmi sou\u010d\u00e1stmi za\u0159\u00edzen\u00ed.\u00a0 Vazel\u00edna V1 je za\u0159azena mezi plastick\u00e1 maziva, kter\u00e1 se pou\u017e\u00edvaj\u00ed zejm\u00e9na u valiv\u00fdch a kluzn\u00fdch lo\u017eisek. Vazel\u00edna V1 pracuje v \u0161irok\u00e9m teplotn\u00edm rozsahu a d\u00edky p\u0159\u00edsad\u011b \u00a0\u00a0<span class=\"glossaryLink \" style=\"box-sizing: border-box; cursor: pointer; border-bottom: 1px dotted; text-decoration-line: none !important; text-decoration-thickness: initial; text-decoration-style: initial; text-decoration-color: initial; color: #440000; font-family: Roboto, sans-serif; font-size: 16px; font-style: normal; font-variant-ligatures: normal; font-variant-caps: normal; font-weight: 400; letter-spacing: normal; orphans: 2; text-align: start; text-indent: 0px; text-transform: none; white-space: normal; widows: 2; word-spacing: 0px; -webkit-text-stroke-width: 0px; background-color: #fafafa;\" data-cmtooltip=\"&lt;p style=&quot;text-align: center;&quot;&gt;METAL CONDITIONER E3 ORIGINAL&lt;\/p&gt;\">MCE3<\/span>\u00a0velmi aktivn\u011b vytla\u010duje vlhkost a vynikaj\u00edc\u00edm zp\u016fsobem stabilizuje hodnoty p\u0159i t\u011b\u017ek\u00e9 mechanick\u00e9 pr\u00e1ci a dlouhodob\u00e9m zat\u00ed\u017een\u00ed. V\u00fdjime\u010dnou p\u0159ednost\u00ed V1 je nadstandardn\u00ed p\u0159ilnavost k povrchu kov\u016f a jej\u00ed bod sk\u00e1pnut\u00ed je extr\u00e9mn\u011b vysok\u00fd\u00a0 a bod tuhnut\u00ed extremn\u011b n\u00edzk\u00fd (podle typu vazel\u00edny).<\/p>","protected":false},"excerpt":{"rendered":"<p><strong>E3 MULTIVASELINE<br \/>\n<\/strong><\/p>\n<p>Univerzaln\u00ed vazelina<\/p>\n<p><strong>\u00a0400 ml<\/strong><\/p>\n","protected":false},"featured_media":2815,"comment_status":"closed","ping_status":"closed","template":"","meta":[],"product_brand":[],"product_cat":[145],"product_tag":[],"class_list":{"0":"post-2800","1":"product","2":"type-product","3":"status-publish","4":"has-post-thumbnail","6":"product_cat-e3-original","8":"first","9":"outofstock","10":"taxable","11":"shipping-taxable","12":"purchasable","13":"product-type-simple"},"aioseo_notices":[],"_links":{"self":[{"href":"https:\/\/www.patip.eu\/de\/wp-json\/wp\/v2\/product\/2800","targetHints":{"allow":["GET"]}}],"collection":[{"href":"https:\/\/www.patip.eu\/de\/wp-json\/wp\/v2\/product"}],"about":[{"href":"https:\/\/www.patip.eu\/de\/wp-json\/wp\/v2\/types\/product"}],"replies":[{"embeddable":true,"href":"https:\/\/www.patip.eu\/de\/wp-json\/wp\/v2\/comments?post=2800"}],"wp:featuredmedia":[{"embeddable":true,"href":"https:\/\/www.patip.eu\/de\/wp-json\/wp\/v2\/media\/2815"}],"wp:attachment":[{"href":"https:\/\/www.patip.eu\/de\/wp-json\/wp\/v2\/media?parent=2800"}],"wp:term":[{"taxonomy":"product_brand","embeddable":true,"href":"https:\/\/www.patip.eu\/de\/wp-json\/wp\/v2\/product_brand?post=2800"},{"taxonomy":"product_cat","embeddable":true,"href":"https:\/\/www.patip.eu\/de\/wp-json\/wp\/v2\/product_cat?post=2800"},{"taxonomy":"product_tag","embeddable":true,"href":"https:\/\/www.patip.eu\/de\/wp-json\/wp\/v2\/product_tag?post=2800"}],"curies":[{"name":"wp","href":"https:\/\/api.w.org\/{rel}","templated":true}]}}