{"id":2802,"date":"2021-09-30T12:51:07","date_gmt":"2021-09-30T10:51:07","guid":{"rendered":"https:\/\/www.patip.eu\/?post_type=product&#038;p=2802"},"modified":"2026-04-08T14:20:27","modified_gmt":"2026-04-08T12:20:27","slug":"e3-multispray-univerzalni-sprej-150-ml","status":"publish","type":"product","link":"https:\/\/www.patip.eu\/de\/product\/e3-multispray-univerzalni-sprej-150-ml\/","title":{"rendered":"E3 MULTISPRAY  Univerz\u00e1ln\u00ed Sprej  150 ml"},"content":{"rendered":"<p>Multispray S1 je univers\u00e1ln\u00ed sprej s p\u0159\u00edsadou formule E3 ORIGINAL, kter\u00fd\u00a0 m\u016f\u017eeme uplatnit v mnoha pr\u016fmyslov\u00fdch odv\u011btv\u00edch a serviisn\u00edch st\u0159edisc\u00edch, kde je hor\u0161\u00ed p\u0159\u00edstup a doch\u00e1z\u00ed k t\u0159en\u00ed mezi kovov\u00fdmi sou\u010d\u00e1stmi za\u0159\u00edzen\u00ed. Tlakov\u00fd sprej je velikou v\u00fdhodou p\u0159i aplikaci v ter\u00e9nu,\u00a0 jeho pou\u017eit\u00ed je \u010dist\u00e9, rychl\u00e9 a jednoduch\u00e9.\u00a0 Pro svou ni\u017e\u0161\u00ed viskozitu, v\u00fdbornou vzl\u00ednavost a d\u00edky povrchov\u00e9mu nap\u011bt\u00ed kapil\u00e1rn\u00ed evoluce, se jeho aplikace osv\u011bd\u010dila i na jinak \u0161patn\u011b dostupn\u00fdch m\u00edstech strojn\u00edho za\u0159\u00edzen\u00ed. Tento v\u00edceslo\u017ekov\u00fd unives\u00e1ln\u00ed sprej usnad\u0148uje mechanickou pr\u00e1ci, velmi snadno penetruje, a tak zaji\u0161\u0165uje kvalitn\u00ed konzervaci. Z toho d\u016fvodu je oxidace povrchu kov\u016f prakticky nulov\u00e1.<\/p>","protected":false},"excerpt":{"rendered":"<p><strong>E3 MULTISPRAY<\/strong><\/p>\n<p>Univerz\u00e1ln\u00ed Sprej<\/p>\n<p><strong>150 ml<\/strong><\/p>\n","protected":false},"featured_media":2803,"comment_status":"closed","ping_status":"closed","template":"","meta":[],"product_brand":[],"product_cat":[145],"product_tag":[],"class_list":{"0":"post-2802","1":"product","2":"type-product","3":"status-publish","4":"has-post-thumbnail","6":"product_cat-e3-original","8":"first","9":"outofstock","10":"taxable","11":"shipping-taxable","12":"purchasable","13":"product-type-simple"},"aioseo_notices":[],"_links":{"self":[{"href":"https:\/\/www.patip.eu\/de\/wp-json\/wp\/v2\/product\/2802","targetHints":{"allow":["GET"]}}],"collection":[{"href":"https:\/\/www.patip.eu\/de\/wp-json\/wp\/v2\/product"}],"about":[{"href":"https:\/\/www.patip.eu\/de\/wp-json\/wp\/v2\/types\/product"}],"replies":[{"embeddable":true,"href":"https:\/\/www.patip.eu\/de\/wp-json\/wp\/v2\/comments?post=2802"}],"wp:featuredmedia":[{"embeddable":true,"href":"https:\/\/www.patip.eu\/de\/wp-json\/wp\/v2\/media\/2803"}],"wp:attachment":[{"href":"https:\/\/www.patip.eu\/de\/wp-json\/wp\/v2\/media?parent=2802"}],"wp:term":[{"taxonomy":"product_brand","embeddable":true,"href":"https:\/\/www.patip.eu\/de\/wp-json\/wp\/v2\/product_brand?post=2802"},{"taxonomy":"product_cat","embeddable":true,"href":"https:\/\/www.patip.eu\/de\/wp-json\/wp\/v2\/product_cat?post=2802"},{"taxonomy":"product_tag","embeddable":true,"href":"https:\/\/www.patip.eu\/de\/wp-json\/wp\/v2\/product_tag?post=2802"}],"curies":[{"name":"wp","href":"https:\/\/api.w.org\/{rel}","templated":true}]}}