{"id":2806,"date":"2021-09-30T13:19:31","date_gmt":"2021-09-30T11:19:31","guid":{"rendered":"https:\/\/www.patip.eu\/?post_type=product&#038;p=2806"},"modified":"2026-04-08T14:19:58","modified_gmt":"2026-04-08T12:19:58","slug":"e3-guns-power-gun-set-100","status":"publish","type":"product","link":"https:\/\/www.patip.eu\/de\/product\/e3-guns-power-gun-set-100\/","title":{"rendered":"E3 GUNS POWER  GUN SET 250"},"content":{"rendered":"<p><\/p>\n<div class=\"elementor-element elementor-element-23ce691 elementor-widget elementor-widget-text-editor\" data-id=\"23ce691\" data-element_type=\"widget\" data-widget_type=\"text-editor.default\">\n<div class=\"elementor-widget-container\">\n<div class=\"elementor-text-editor elementor-clearfix\">\n<h2>Z\u00e1kladn\u00ed \u00fadr\u017eba zbran\u011b za pomoc\u00ed GPE3 setu<\/h2>\n<ol>\n<li>Prove\u010fte rozborku zbran\u011b a odstra\u0148te vrstvy vazel\u00edny, karbon\u016f a ne\u010distot.<\/li>\n<li>Aplikujte GPE3 na vnit\u0159n\u00ed a vn\u011bj\u0161\u00ed plochy v\u010detn\u011b hlavn\u011b a v\u0161ech mechanizm\u016f ( je dostate\u010dn\u00e1 jen velmi tenk\u00e1 vrstva, kter\u00e1 pronik\u00e1 do povrchov\u00fdch molekul\u00e1rn\u00edch vazeb materi\u00e1lu).Pokud je v\u00fdrobcem stanovena k funk\u010dnosti zbran\u011b vazel\u00edna, pak se GPE3 rozm\u00edch\u00e1 ve stanoven\u00e9m pom\u011bru do ur\u010den\u00e9ho tuku a nan\u00e1\u0161\u00ed na stanoven\u00e1 m\u00edsta a\u017e po o\u0161et\u0159en\u00ed povrchu \u010dist\u00fdm GPE3. Pou\u017eit\u00ed vazel\u00edn nedoporu\u010dujeme u z\u00e1v\u011br\u016f Mauserovi konstrukce a podobn\u00fdch, kde zpravidla tuk v mrazu znemo\u017e\u0148uje spolehlivou \u010dinnost. GPE3\u00a0 u loveck\u00fdch, sportovn\u00edch i slu\u017eebn\u00edch zbran\u00ed tuk pln\u011b nahrad\u00ed. Konkr\u00e9tn\u00ed podm\u00ednky doporu\u010dujeme s n\u00e1mi konzultovat. Tyto pr\u00e1ce je optim\u00e1ln\u00ed a nejekonomi\u010dt\u011bj\u0161\u00ed prov\u00e9st cca 24 hodin p\u0159ed pou\u017eit\u00edm zbran\u011b. Vhodn\u00e9 je pou\u017e\u00edv\u00e1n\u00ed syntetick\u00fdch (nesav\u00fdch) tkanin. B\u011bhem t\u00e9to doby m\u016f\u017ee b\u00fdt zbra\u0148 jak ve slo\u017een\u00e9m (\u010dinnost povrchov\u00e9 vrstvy GPE3\u00a0 p\u0159i kontaktu sou\u010d\u00e1stek nen\u00ed naru\u0161ena), tak v rozlo\u017een\u00e9m stavu. Takto o\u0161et\u0159enou zbra\u0148 je mo\u017eno pou\u017e\u00edt bez ot\u00edr\u00e1n\u00ed mechanism\u016f i hlavn\u011b (zbra\u0148 o\u0161et\u0159ena\u00a0<span class=\"glossaryLink \" style=\"box-sizing: border-box; cursor: pointer; border-bottom: 1px dotted; text-decoration: none !important;\" data-cmtooltip=\"MILITARI GUN E3 RIGINAL &lt;div id=&quot;gtx-trans&quot; style=&quot;position: absolute; left: 160px; top: 44px;&quot;&gt; &lt;div class=&quot;gtx-trans-icon&quot;&gt;&lt;\/div&gt; &lt;\/div&gt;\">MGE3<\/span>\u00a0 nepot\u0159ebuje dekonzervaci). Po v\u00fdst\u0159elech a zah\u0159\u00e1t\u00ed zbran\u011b je nutn\u00e9 GPE3 ot\u0159\u00edt ze zbran\u011b, neztrat\u00ed se t\u00edm \u00fa\u010dinnost GPE3. Doporu\u010dujeme V\u00e1m prov\u011b\u0159it zbra\u0148\u00a0 \u2013 zp\u016fsobem nast\u0159elen\u00edm.<\/li>\n<\/ol>\n<\/div>\n<\/div>\n<\/div>\n<div class=\"elementor-element elementor-element-fd82475 float_zapletal elementor-widget elementor-widget-text-editor\" data-id=\"fd82475\" data-element_type=\"widget\" data-widget_type=\"text-editor.default\">\n<div class=\"elementor-widget-container\">\n<div class=\"elementor-text-editor elementor-clearfix\">\n<ol start=\"3\">\n<li>Pro ochranu zbran\u011b b\u011bhem dlouhodob\u00e9ho skladov\u00e1n\u00ed nan\u00e9st tenkou vrstvu GPE3 na v\u0161echny vnit\u0159n\u00ed a vn\u011bj\u0161\u00ed kovov\u00e9 plochy v\u010detn\u011b hlavn\u011b a jej\u00ed mechanismy a\u017e po jej\u00edm d\u016fkladn\u00e9m vy\u010di\u0161t\u011bn\u00ed. Dostate\u010dn\u00e1 je velmi tenk\u00e1 vrstva. P\u0159ed vlastn\u00ed st\u0159elbou doporu\u010dujeme zbra\u0148 ot\u0159\u00edt do sucha, p\u0159i\u010dem\u017e se lubrika\u010dn\u00ed efekt GPE3 neztrat\u00ed. Po st\u0159elb\u011b zbra\u0148 ot\u0159\u00edt (co\u017e je po p\u0159edchoz\u00edm o\u0161et\u0159en\u00ed GPE3 mnohem jednodu\u0161\u0161\u00ed, nebo\u0165 na\u00a0<span class=\"glossaryLink \" style=\"box-sizing: border-box; cursor: pointer; border-bottom: 1px dotted; text-decoration: none !important;\" data-cmtooltip=\"MILITARI GUN E3 RIGINAL &lt;div id=&quot;gtx-trans&quot; style=&quot;position: absolute; left: 160px; top: 44px;&quot;&gt; &lt;div class=&quot;gtx-trans-icon&quot;&gt;&lt;\/div&gt; &lt;\/div&gt;\">MGE3<\/span>\u00a0se ne\u010distoty a karbon neusazuj\u00ed \u2013 zbra\u0148 nekoroduje) a znovu nan\u00e9st tenkou vrstvu GPE3.<\/li>\n<\/ol>\n<\/div>\n<p><iframe loading=\"lazy\" title=\"MCE3 original - Falex test | Studio E3\" width=\"1140\" height=\"641\" src=\"https:\/\/www.youtube.com\/embed\/BmCZ8BXVdLc?start=21&#038;feature=oembed\" frameborder=\"0\" allow=\"accelerometer; autoplay; clipboard-write; encrypted-media; gyroscope; picture-in-picture\" allowfullscreen><\/iframe><\/p>\n<\/div>\n<\/div>\n<p><\/p>","protected":false},"excerpt":{"rendered":"<p>E3 GUNS POWER GUN SET 250<\/p>\n<p>&nbsp;<\/p>\n<p>https:\/\/www.youtube.com\/watch?v=36yBV4sfg8U&amp;t=3s&amp;ab_channel=StudioE3<\/p>\n","protected":false},"featured_media":2808,"comment_status":"closed","ping_status":"closed","template":"","meta":[],"product_brand":[],"product_cat":[145],"product_tag":[],"class_list":{"0":"post-2806","1":"product","2":"type-product","3":"status-publish","4":"has-post-thumbnail","6":"product_cat-e3-original","8":"first","9":"outofstock","10":"taxable","11":"shipping-taxable","12":"purchasable","13":"product-type-simple"},"aioseo_notices":[],"_links":{"self":[{"href":"https:\/\/www.patip.eu\/de\/wp-json\/wp\/v2\/product\/2806","targetHints":{"allow":["GET"]}}],"collection":[{"href":"https:\/\/www.patip.eu\/de\/wp-json\/wp\/v2\/product"}],"about":[{"href":"https:\/\/www.patip.eu\/de\/wp-json\/wp\/v2\/types\/product"}],"replies":[{"embeddable":true,"href":"https:\/\/www.patip.eu\/de\/wp-json\/wp\/v2\/comments?post=2806"}],"wp:featuredmedia":[{"embeddable":true,"href":"https:\/\/www.patip.eu\/de\/wp-json\/wp\/v2\/media\/2808"}],"wp:attachment":[{"href":"https:\/\/www.patip.eu\/de\/wp-json\/wp\/v2\/media?parent=2806"}],"wp:term":[{"taxonomy":"product_brand","embeddable":true,"href":"https:\/\/www.patip.eu\/de\/wp-json\/wp\/v2\/product_brand?post=2806"},{"taxonomy":"product_cat","embeddable":true,"href":"https:\/\/www.patip.eu\/de\/wp-json\/wp\/v2\/product_cat?post=2806"},{"taxonomy":"product_tag","embeddable":true,"href":"https:\/\/www.patip.eu\/de\/wp-json\/wp\/v2\/product_tag?post=2806"}],"curies":[{"name":"wp","href":"https:\/\/api.w.org\/{rel}","templated":true}]}}