{"id":2966,"date":"2022-08-17T09:04:13","date_gmt":"2022-08-17T07:04:13","guid":{"rendered":"https:\/\/www.patip.eu\/?post_type=product&#038;p=2966"},"modified":"2023-05-03T13:53:16","modified_gmt":"2023-05-03T11:53:16","slug":"reverzna-platna-200x200mm","status":"publish","type":"product","link":"https:\/\/www.patip.eu\/de\/product\/reverzna-platna-200x200mm\/","title":{"rendered":"REVERZN\u00c1 PLATNA 200X200MM"},"content":{"rendered":"<p><strong>Reverzn\u00e1 \u013dudsk\u00e1 hlava 200x300mm<\/strong><\/p>\n<p>&#8211; Reak\u010dn\u00e9 reverzn\u00e9 gong<\/p>\n<p>&#8211; Mnohon\u00e1sobn\u00e9 (do\u017eivotn\u00e9) pou\u017eitie<\/p>\n<p>&#8211; Z kalen\u00e9ho materi\u00e1lu o povrchovej tvrdosti 500 Brinellov,<\/p>\n<p>&#8211; Ur\u010den\u00fd pre kr\u00e1tke streln\u00e9 zbrane<\/p>\n<p>&#8211; Cie\u013eov\u00e9 platne jednoducho vymenite\u013en\u00e9 na univerz\u00e1lnom podstavci<\/p>\n<p>&#8211; Ter\u010d navrhnut\u00fd tak, aby sp\u013a\u0148al spo\u013eahlivo svoju funkciu i v n\u00e1ro\u010dn\u00fdch podmienkach arm\u00e1dy a pol\u00edcie.<\/p>\n<p>Tieto tr\u00e9ningov\u00e9 gong s\u00fa ve\u013emi vhodn\u00e9 pou\u017e\u00edva\u0165 pre tr\u00e9ning stre\u013eby na kr\u00e1tke i\u00a0dlh\u00e9 vzdialenosti. Akusticky i vizu\u00e1lne okam\u017eite vyhodnotia v\u00fdsledok z\u00e1sahu a\u00a0automaticky sa vr\u00e1tia do v\u00fdchodnej poz\u00edcie a\u00a0s\u00fa znova pripraven\u00e9 na \u010fal\u0161ie pou\u017eitie. Rozmery s\u00fa navrhnut\u00e9 pod\u013ea platn\u00fdch pravidiel pre praktick\u00fa stre\u013ebu &#8211; IPSC (International Practical Shooting Confederation).<\/p>\n","protected":false},"excerpt":{"rendered":"<p><strong>IPSC kovov\u00fd\u00a0ter\u010d ur\u010den\u00fd iba pre pi\u0161tolov\u00e9 kalibre.<\/strong><\/p>\n<p><strong>Materi\u00e1l:<\/strong>\u00a0kalen\u00e1 oce\u013e s tvrdos\u0165ou 500\u00a0Brinell<\/p>\n<p><strong>Hr\u00fabka:<\/strong><span class=\"apple-converted-space\">\u00a0<\/span>10mm<\/p>\n","protected":false},"featured_media":0,"comment_status":"closed","ping_status":"closed","template":"","meta":[],"product_brand":[],"product_cat":[92],"product_tag":[],"class_list":{"0":"post-2966","1":"product","2":"type-product","3":"status-publish","5":"product_cat-reverzne-terce","7":"first","8":"onbackorder","9":"taxable","10":"shipping-taxable","11":"purchasable","12":"product-type-simple"},"aioseo_notices":[],"_links":{"self":[{"href":"https:\/\/www.patip.eu\/de\/wp-json\/wp\/v2\/product\/2966","targetHints":{"allow":["GET"]}}],"collection":[{"href":"https:\/\/www.patip.eu\/de\/wp-json\/wp\/v2\/product"}],"about":[{"href":"https:\/\/www.patip.eu\/de\/wp-json\/wp\/v2\/types\/product"}],"replies":[{"embeddable":true,"href":"https:\/\/www.patip.eu\/de\/wp-json\/wp\/v2\/comments?post=2966"}],"wp:attachment":[{"href":"https:\/\/www.patip.eu\/de\/wp-json\/wp\/v2\/media?parent=2966"}],"wp:term":[{"taxonomy":"product_brand","embeddable":true,"href":"https:\/\/www.patip.eu\/de\/wp-json\/wp\/v2\/product_brand?post=2966"},{"taxonomy":"product_cat","embeddable":true,"href":"https:\/\/www.patip.eu\/de\/wp-json\/wp\/v2\/product_cat?post=2966"},{"taxonomy":"product_tag","embeddable":true,"href":"https:\/\/www.patip.eu\/de\/wp-json\/wp\/v2\/product_tag?post=2966"}],"curies":[{"name":"wp","href":"https:\/\/api.w.org\/{rel}","templated":true}]}}