{"id":3048,"date":"2023-11-14T11:41:21","date_gmt":"2023-11-14T10:41:21","guid":{"rendered":"https:\/\/www.patip.eu\/?post_type=product&#038;p=3048"},"modified":"2024-11-06T11:23:56","modified_gmt":"2024-11-06T10:23:56","slug":"kyvacka-s-tromi-gongami-o200-2","status":"publish","type":"product","link":"https:\/\/www.patip.eu\/de\/product\/kyvacka-s-tromi-gongami-o200-2\/","title":{"rendered":"K\u00ddVA\u010cKA S TROMI GONGAMI \u00d8200"},"content":{"rendered":"<ul>\n<li>v\u00fdkyvn\u00fd\u00a0oce\u013eov\u00fd dr\u017eiak\u00a0upevnen\u00fd na hriadeli a ulo\u017een\u00fd v guli\u010dkov\u00fdch lo\u017eisk\u00e1ch je ur\u010den\u00fd\u00a0pre uchytenie dvoch gongov o tvrdosti 500 Brinellov a priemere 200mm<\/li>\n<li>ur\u010den\u00fd pre kr\u00e1tke i dlh\u00e9 streln\u00e9 zbrane<\/li>\n<li>\u013eahk\u00fd, jednoducho premiestnite\u013en\u00fd ter\u010d ktor\u00fd je ide\u00e1lny pre taktick\u00fd v\u00fdcvik pod\u013ea vopred vytvoren\u00fdch scen\u00e1rov a na IPSC preteky<\/li>\n<li>ter\u010d navrhnut\u00fd tak, aby spo\u013eahlivo sp\u013a\u0148al svoju funkciu i v n\u00e1ro\u010dn\u00fdch podmienkach arm\u00e1dy,\u00a0pol\u00edcie i \u0161portu.<\/li>\n<\/ul>\n<p>Gongs swinger umo\u017en\u00ed ekonomicky v\u010dleni\u0165 pohybliv\u00e9 ter\u010de do tr\u00e9ningov\u00e9ho procesu. Pre svoju v\u00fdkyvn\u00fa schopnos\u0165 m\u00f4\u017eu simulova\u0165 nezainteresovan\u00fa zvedav\u00fa osobu vyk\u00fakaj\u00facu spoza rohu obytn\u00e9ho bloku, \u010di kryj\u00faceho sa \u00fato\u010dn\u00edka po\u010das stre\u013eby.<\/p>\n<p>Pohyb k\u00fdva\u010dky je realizovan\u00fd pomocou protiz\u00e1va\u017eia. Gongs swinger sa m\u00f4\u017ee aktivova\u0165 zostrelen\u00edm popra, otvoren\u00edm dver\u00ed, \u010di zatiahnut\u00edm za lanko&#8230; .<\/p>\n<p>Doba efekt\u00edvneho k\u00fdvania sa\u00a0cca 2min.<\/p>\n<p>Po zostrelen\u00ed prv\u00e9ho gongu sa zmen\u00ed r\u00fdchlos\u0165 a charakter k\u00fdvania.<\/p>\n","protected":false},"excerpt":{"rendered":"<div class=\"short_dc\">\n<div id=\"short_description_content\" class=\"rte align_justify\">\n<p><strong>Ur\u010den\u00fd pre kr\u00e1tke i dlh\u00e9 streln\u00e9 zbrane<\/strong><\/p>\n<p><strong>Materi\u00e1l:<\/strong>\u00a0Kon\u0161truk\u010dn\u00e1 oce\u013e + kalen\u00e1 oce\u013e s tvrdos\u0165ou 500 Brinell<\/p>\n<\/div>\n<\/div>\n","protected":false},"featured_media":2979,"comment_status":"closed","ping_status":"closed","template":"","meta":[],"product_brand":[],"product_cat":[133,134,132,135,136,93],"product_tag":[],"class_list":{"0":"post-3048","1":"product","2":"type-product","3":"status-publish","4":"has-post-thumbnail","6":"product_cat-hobby-strelba","7":"product_cat-ozbrojene-zlozky","8":"product_cat-sportova-strelba","9":"product_cat-terce-pre-pistole-a-ppc","10":"product_cat-terce-pre-pusky","11":"product_cat-pohyblive-terce-swingers","13":"first","14":"instock","15":"taxable","16":"shipping-taxable","17":"purchasable","18":"product-type-simple"},"aioseo_notices":[],"_links":{"self":[{"href":"https:\/\/www.patip.eu\/de\/wp-json\/wp\/v2\/product\/3048","targetHints":{"allow":["GET"]}}],"collection":[{"href":"https:\/\/www.patip.eu\/de\/wp-json\/wp\/v2\/product"}],"about":[{"href":"https:\/\/www.patip.eu\/de\/wp-json\/wp\/v2\/types\/product"}],"replies":[{"embeddable":true,"href":"https:\/\/www.patip.eu\/de\/wp-json\/wp\/v2\/comments?post=3048"}],"wp:featuredmedia":[{"embeddable":true,"href":"https:\/\/www.patip.eu\/de\/wp-json\/wp\/v2\/media\/2979"}],"wp:attachment":[{"href":"https:\/\/www.patip.eu\/de\/wp-json\/wp\/v2\/media?parent=3048"}],"wp:term":[{"taxonomy":"product_brand","embeddable":true,"href":"https:\/\/www.patip.eu\/de\/wp-json\/wp\/v2\/product_brand?post=3048"},{"taxonomy":"product_cat","embeddable":true,"href":"https:\/\/www.patip.eu\/de\/wp-json\/wp\/v2\/product_cat?post=3048"},{"taxonomy":"product_tag","embeddable":true,"href":"https:\/\/www.patip.eu\/de\/wp-json\/wp\/v2\/product_tag?post=3048"}],"curies":[{"name":"wp","href":"https:\/\/api.w.org\/{rel}","templated":true}]}}