{"id":3073,"date":"2024-04-10T09:01:19","date_gmt":"2024-04-10T07:01:19","guid":{"rendered":"https:\/\/www.patip.eu\/?post_type=product&#038;p=3073"},"modified":"2026-02-04T10:22:06","modified_gmt":"2026-02-04T09:22:06","slug":"ced7000-silicone-skins","status":"publish","type":"product","link":"https:\/\/www.patip.eu\/de\/product\/ced7000-silicone-skins\/","title":{"rendered":"CED7000 Silicone Skins"},"content":{"rendered":"<p>Sch\u00fctzen und personalisieren Sie Ihren CED7000 Shot Timer mit ma\u00dfgeschneiderten Silikonh\u00fcllen in einer Vielzahl leuchtender Farben, die Ihrem Timer eine gummiartige Oberfl\u00e4che verleihen.<\/p>\n<p>Dadurch liegt es angenehmer in der Hand und sch\u00fctzt den Timer vor Kratzern und Besch\u00e4digungen bei St\u00fcrzen.<\/p>\n<p>Erh\u00e4ltlich in Blau, Gr\u00fcn, Gelb, Orange, Rot und Schwarz.<\/p>","protected":false},"excerpt":{"rendered":"<p>Sch\u00fctzen und personalisieren Sie Ihren CED7000 Shot Timer mit ma\u00dfgeschneiderten Silikonh\u00fcllen in einer Vielzahl leuchtender Farben, die Ihrem Timer eine gummiartige Oberfl\u00e4che verleihen. Dadurch liegt es angenehmer in der Hand und sch\u00fctzt den Timer vor Kratzern und Besch\u00e4digungen bei St\u00fcrzen. Erh\u00e4ltlich in Blau, Gr\u00fcn, Gelb, Orange, Rot und Schwarz.<\/p>\n","protected":false},"featured_media":3089,"comment_status":"closed","ping_status":"closed","template":"","meta":[],"product_brand":[],"product_cat":[133,134,132,110,112,113],"product_tag":[],"class_list":{"0":"post-3073","1":"product","2":"type-product","3":"status-publish","4":"has-post-thumbnail","6":"product_cat-hobby-strelba","7":"product_cat-ozbrojene-zlozky","8":"product_cat-sportova-strelba","9":"product_cat-strelecke-pomocky","10":"product_cat-doplnky","11":"product_cat-specialna-vystroj","13":"first","14":"instock","15":"taxable","16":"shipping-taxable","17":"purchasable","18":"product-type-variable"},"aioseo_notices":[],"_links":{"self":[{"href":"https:\/\/www.patip.eu\/de\/wp-json\/wp\/v2\/product\/3073","targetHints":{"allow":["GET"]}}],"collection":[{"href":"https:\/\/www.patip.eu\/de\/wp-json\/wp\/v2\/product"}],"about":[{"href":"https:\/\/www.patip.eu\/de\/wp-json\/wp\/v2\/types\/product"}],"replies":[{"embeddable":true,"href":"https:\/\/www.patip.eu\/de\/wp-json\/wp\/v2\/comments?post=3073"}],"wp:featuredmedia":[{"embeddable":true,"href":"https:\/\/www.patip.eu\/de\/wp-json\/wp\/v2\/media\/3089"}],"wp:attachment":[{"href":"https:\/\/www.patip.eu\/de\/wp-json\/wp\/v2\/media?parent=3073"}],"wp:term":[{"taxonomy":"product_brand","embeddable":true,"href":"https:\/\/www.patip.eu\/de\/wp-json\/wp\/v2\/product_brand?post=3073"},{"taxonomy":"product_cat","embeddable":true,"href":"https:\/\/www.patip.eu\/de\/wp-json\/wp\/v2\/product_cat?post=3073"},{"taxonomy":"product_tag","embeddable":true,"href":"https:\/\/www.patip.eu\/de\/wp-json\/wp\/v2\/product_tag?post=3073"}],"curies":[{"name":"wp","href":"https:\/\/api.w.org\/{rel}","templated":true}]}}