{"id":3177,"date":"2024-11-06T13:11:55","date_gmt":"2024-11-06T12:11:55","guid":{"rendered":"https:\/\/www.patip.eu\/?post_type=product&#038;p=3177"},"modified":"2026-01-22T16:47:47","modified_gmt":"2026-01-22T15:47:47","slug":"duel-tree-puska","status":"publish","type":"product","link":"https:\/\/www.patip.eu\/de\/product\/duel-tree-puska\/","title":{"rendered":"DUEL TREE &#8211; rifle"},"content":{"rendered":"<p>reactive rotating silhouette targets<\/p>\n<p>&#8211; made of hardened material with a surface hardness of 500 Brinell<\/p>\n<p>&#8211; intended for short and long firearms<\/p>\n<p>&#8211; suitable for shooting matches<\/p>\n<p>&#8211; target reset using own weight<\/p>\n<p>&#8211; also intended for speed and accuracy training<\/p>\n<p>&#8211; reversible target plate<\/p>\n<p>&#8211; easily replaceable target plates on a massive base<\/p>\n<p>&#8211; a target designed in such a way that it reliably fulfills its function even in the demanding conditions of the army and the police<\/p>\n<p>Two shooters start with three targets, each on one side of the tree. After the start signal, the targets are shot on the respective sides. When the target is hit, it flips to the opposite side. However, your opponent is simultaneously returning the objectives back to your side. The first to have targets left on his side loses.<\/p>\n<p>Forget the shootouts of history. You will lose maximum honor in this fight. If you miss, you lose. If you don&#8217;t reload fast enough, you lose. No excuses, no guesswork.<\/p>\n<p><iframe loading=\"lazy\" title=\"Duel tree - PATIP s.r.o.\" width=\"1140\" height=\"641\" src=\"https:\/\/www.youtube.com\/embed\/yDJrGF0Eah4?feature=oembed\" frameborder=\"0\" allow=\"accelerometer; autoplay; clipboard-write; encrypted-media; gyroscope; picture-in-picture; web-share\" referrerpolicy=\"strict-origin-when-cross-origin\" allowfullscreen><\/iframe><\/p>","protected":false},"excerpt":{"rendered":"<p><strong>Ur\u010den\u00e9 pre pu\u0161kov\u00e9 a pi\u0161to\u013eov\u00e9 strelivo<\/strong><\/p>\n<p><strong>Materi\u00e1l:<\/strong>\u00a0Kalen\u00e1 oce\u013e s tvrdos\u0165ou 500 Brinell<\/p>\n<p><strong>Hr\u00fabka:\u00a0<\/strong>6mm<\/p>\n","protected":false},"featured_media":2214,"comment_status":"closed","ping_status":"closed","template":"","meta":[],"product_brand":[],"product_cat":[133,134,132,135,93],"product_tag":[],"class_list":{"0":"post-3177","1":"product","2":"type-product","3":"status-publish","4":"has-post-thumbnail","6":"product_cat-hobby-strelba","7":"product_cat-ozbrojene-zlozky","8":"product_cat-sportova-strelba","9":"product_cat-terce-pre-pistole-a-ppc","10":"product_cat-pohyblive-terce-swingers","12":"first","13":"instock","14":"taxable","15":"shipping-taxable","16":"purchasable","17":"product-type-variable"},"aioseo_notices":[],"_links":{"self":[{"href":"https:\/\/www.patip.eu\/de\/wp-json\/wp\/v2\/product\/3177","targetHints":{"allow":["GET"]}}],"collection":[{"href":"https:\/\/www.patip.eu\/de\/wp-json\/wp\/v2\/product"}],"about":[{"href":"https:\/\/www.patip.eu\/de\/wp-json\/wp\/v2\/types\/product"}],"replies":[{"embeddable":true,"href":"https:\/\/www.patip.eu\/de\/wp-json\/wp\/v2\/comments?post=3177"}],"wp:featuredmedia":[{"embeddable":true,"href":"https:\/\/www.patip.eu\/de\/wp-json\/wp\/v2\/media\/2214"}],"wp:attachment":[{"href":"https:\/\/www.patip.eu\/de\/wp-json\/wp\/v2\/media?parent=3177"}],"wp:term":[{"taxonomy":"product_brand","embeddable":true,"href":"https:\/\/www.patip.eu\/de\/wp-json\/wp\/v2\/product_brand?post=3177"},{"taxonomy":"product_cat","embeddable":true,"href":"https:\/\/www.patip.eu\/de\/wp-json\/wp\/v2\/product_cat?post=3177"},{"taxonomy":"product_tag","embeddable":true,"href":"https:\/\/www.patip.eu\/de\/wp-json\/wp\/v2\/product_tag?post=3177"}],"curies":[{"name":"wp","href":"https:\/\/api.w.org\/{rel}","templated":true}]}}