{"id":3283,"date":"2025-01-24T08:36:56","date_gmt":"2025-01-24T07:36:56","guid":{"rendered":"https:\/\/www.patip.eu\/?post_type=product&#038;p=3283"},"modified":"2025-01-24T08:47:12","modified_gmt":"2025-01-24T07:47:12","slug":"bolle-safety-sprej-proti-zahmlievaniu-500ml","status":"publish","type":"product","link":"https:\/\/www.patip.eu\/de\/product\/bolle-safety-sprej-proti-zahmlievaniu-500ml\/","title":{"rendered":"Boll\u00e9 Safety-Anti-fog kit 500ml"},"content":{"rendered":"<p><\/p>\n<div class=\"row marketing-icons-container marketing-picto-value text-center\">\n<div class=\"col-2 col-md-2\">\n<div class=\"marketing-picto\">\n<p><img loading=\"lazy\" decoding=\"async\" class=\"\" title=\"\" src=\"https:\/\/www.bolle-safety.com\/on\/demandware.static\/-\/Library-Sites-BolleSafetyEUSharedLibrary\/default\/dw8895bd7c\/Weight.svg\" alt=\"\" width=\"49\" height=\"49\" \/> 540g<\/p>\n<\/div>\n<\/div>\n<\/div>\n<div class=\"marketing-description font-weight-bold\">\n<div class=\"marketing-description-value\">Das Reinigungsmittel-Sortiment B-Clean von Boll\u00e9 Safety bietet Ihnen eine optimale Reinigung Ihrer Brillen. Es ist silikonfrei und erreicht f\u00fcr alle Brillengl\u00e4ser ein einwandfreies Reinigungsergebnis.<\/div>\n<\/div>\n<div class=\"product-selling-point-container font-weight-bold\">\n<div class=\"key-selling-point-container\">\n<div class=\"selling-point-1\">\n<div class=\"selling-point\"><i class=\"plus-icon\">+<\/i><span class=\"selling-point-1-value\">W\u00e4ssrige Formel<\/span><\/div>\n<\/div>\n<div class=\"selling-point-2\">\n<div class=\"selling-point\"><i class=\"plus-icon\">+<\/i><span class=\"selling-point-2-value\">Silikonfrei<\/span><\/div>\n<\/div>\n<div class=\"selling-point-3\">\n<div class=\"selling-point\"><i class=\"plus-icon\">+<\/i><span class=\"selling-point-3-value\">Ideal f\u00fcr alle Gl\u00e4sertypen* (*PACF030 &amp; PACF500 wird nicht empfohlen f\u00fcr linsen mit Entspiegelung)<\/span><\/div>\n<\/div>\n<\/div>\n<\/div>\n<p><\/p>","protected":false},"excerpt":{"rendered":"<div class=\"simple_attribute\">\n<ul>\n<li>500ml Anti-Beschlag Reinigungsspray<\/li>\n<\/ul>\n<div><\/div>\n<p>&nbsp;<\/p>\n<\/div>\n","protected":false},"featured_media":3284,"comment_status":"closed","ping_status":"closed","template":"","meta":[],"product_brand":[],"product_cat":[110,112,113],"product_tag":[],"class_list":{"0":"post-3283","1":"product","2":"type-product","3":"status-publish","4":"has-post-thumbnail","6":"product_cat-strelecke-pomocky","7":"product_cat-doplnky","8":"product_cat-specialna-vystroj","10":"first","11":"instock","12":"featured","13":"taxable","14":"shipping-taxable","15":"purchasable","16":"product-type-simple"},"aioseo_notices":[],"_links":{"self":[{"href":"https:\/\/www.patip.eu\/de\/wp-json\/wp\/v2\/product\/3283","targetHints":{"allow":["GET"]}}],"collection":[{"href":"https:\/\/www.patip.eu\/de\/wp-json\/wp\/v2\/product"}],"about":[{"href":"https:\/\/www.patip.eu\/de\/wp-json\/wp\/v2\/types\/product"}],"replies":[{"embeddable":true,"href":"https:\/\/www.patip.eu\/de\/wp-json\/wp\/v2\/comments?post=3283"}],"wp:featuredmedia":[{"embeddable":true,"href":"https:\/\/www.patip.eu\/de\/wp-json\/wp\/v2\/media\/3284"}],"wp:attachment":[{"href":"https:\/\/www.patip.eu\/de\/wp-json\/wp\/v2\/media?parent=3283"}],"wp:term":[{"taxonomy":"product_brand","embeddable":true,"href":"https:\/\/www.patip.eu\/de\/wp-json\/wp\/v2\/product_brand?post=3283"},{"taxonomy":"product_cat","embeddable":true,"href":"https:\/\/www.patip.eu\/de\/wp-json\/wp\/v2\/product_cat?post=3283"},{"taxonomy":"product_tag","embeddable":true,"href":"https:\/\/www.patip.eu\/de\/wp-json\/wp\/v2\/product_tag?post=3283"}],"curies":[{"name":"wp","href":"https:\/\/api.w.org\/{rel}","templated":true}]}}