{"id":3318,"date":"2025-04-14T11:44:30","date_gmt":"2025-04-14T09:44:30","guid":{"rendered":"https:\/\/www.patip.eu\/?post_type=product&#038;p=3318"},"modified":"2026-04-08T11:43:52","modified_gmt":"2026-04-08T09:43:52","slug":"special-pie-shot-timer-m1a2-f","status":"publish","type":"product","link":"https:\/\/www.patip.eu\/de\/product\/special-pie-shot-timer-m1a2-f\/","title":{"rendered":"Special Pie Shot Timer M1A2+ F"},"content":{"rendered":"<p>Der Special PIE Shot Timer M1A2+ -F ist das neueste Modell der PIE Timer-Reihe.<\/p>\n<p>Es handelt sich um einen kompakten Timer mit vielen Funktionen, der in f\u00fcnf Farben erh\u00e4ltlich ist:<\/p>\n<p>Schwarz, Hellbraun, Orange, Pink, Lila.<\/p>\n<p>Ein sehr lauter Startton, der sogar \u00fcber Kopfh\u00f6rer gut h\u00f6rbar ist!!<\/p>\n<p>Ein leichter Timer im Stil einer klassischen Stoppuhr, der alle notwendigen Funktionen f\u00fcr IPSC-Wettk\u00e4mpfe sowie Milit\u00e4r- und Polizeikr\u00e4fte beinhaltet.<\/p>\n<p>Drei Hauptmodi:<\/p>\n<p>Schuss-Timer: Mehrere verz\u00f6gerte Starts mit akustischem Signal zum Aufzeichnen von Sch\u00fcssen.<\/p>\n<p>Empfindlichkeitseinstellung f\u00fcr verschiedene Kaliber Airsoft, 9&#215;19, Gewehr, aber auch f\u00fcr Trockentraining oder Laserschie\u00dfstand.<\/p>\n<p>Stoppuhr: voll funktionsf\u00e4hige Stoppuhr.<\/p>\n<p>Countdown: wird ben\u00f6tigt, um die Zeit f\u00fcr das Durchgehen der Situation nach der Besprechung festzulegen. Einstellbar bis max. 600 Sek.<\/p>\n<p>Vorteile des Special Pie Shot Timers (M1A2+ F):<\/p>\n<p>Bluetooth-Konnektivit\u00e4t erm\u00f6glicht die Kopplung mit den Apps Practiscore und Practiscore 2<br \/>\nIP4 wasserdicht \u2013 geeignet f\u00fcr Regenwetter<br \/>\nSofortiger, zuf\u00e4lliger, fester oder verz\u00f6gerter Piepton<br \/>\nSpeicher f\u00fcr 20 Starts mit maximal 99 Sch\u00fcssen<br \/>\nWiederaufladbarer Akku, der bis zu 7 Tage Dauerbetrieb erm\u00f6glicht. (weniger, wenn BT eingeschaltet ist)<br \/>\nMicro-USB-Ladekabel im Lieferumfang enthalten. Vollst\u00e4ndig aufgeladen in 2 Stunden.<br \/>\nSilikonkn\u00f6pfe mit integriertem LED-Licht.<br \/>\nHintergrundbeleuchtetes Display mit Batteriesparabschaltung.<br \/>\nVom Benutzer einstellbare automatische Abschaltung<br \/>\nEchofilter f\u00fcr den Einsatz auf einem Indoor-Schie\u00dfstand<br \/>\nSchaltfl\u00e4che f\u00fcr den Schnellzugriff auf das Men\u00fc<br \/>\nIntuitive und schnelle Bedienung im Men\u00fc.<br \/>\nEin G\u00fcrtelclip ist ebenfalls im Lieferumfang enthalten.<\/p>","protected":false},"excerpt":{"rendered":"<p>Aufnahmetimer.<\/p>\n","protected":false},"featured_media":3336,"comment_status":"closed","ping_status":"closed","template":"","meta":[],"product_brand":[],"product_cat":[133,134,138,132,110,112,113],"product_tag":[186,187,188,189,185],"class_list":{"0":"post-3318","1":"product","2":"type-product","3":"status-publish","4":"has-post-thumbnail","6":"product_cat-hobby-strelba","7":"product_cat-ozbrojene-zlozky","8":"product_cat-platba-kartou","9":"product_cat-sportova-strelba","10":"product_cat-strelecke-pomocky","11":"product_cat-doplnky","12":"product_cat-specialna-vystroj","13":"product_tag-casovac","14":"product_tag-ipsc-watch","15":"product_tag-meranie-casu","16":"product_tag-pie","17":"product_tag-timer","19":"first","20":"outofstock","21":"featured","22":"taxable","23":"shipping-taxable","24":"purchasable","25":"product-type-variable"},"aioseo_notices":[],"_links":{"self":[{"href":"https:\/\/www.patip.eu\/de\/wp-json\/wp\/v2\/product\/3318","targetHints":{"allow":["GET"]}}],"collection":[{"href":"https:\/\/www.patip.eu\/de\/wp-json\/wp\/v2\/product"}],"about":[{"href":"https:\/\/www.patip.eu\/de\/wp-json\/wp\/v2\/types\/product"}],"replies":[{"embeddable":true,"href":"https:\/\/www.patip.eu\/de\/wp-json\/wp\/v2\/comments?post=3318"}],"wp:featuredmedia":[{"embeddable":true,"href":"https:\/\/www.patip.eu\/de\/wp-json\/wp\/v2\/media\/3336"}],"wp:attachment":[{"href":"https:\/\/www.patip.eu\/de\/wp-json\/wp\/v2\/media?parent=3318"}],"wp:term":[{"taxonomy":"product_brand","embeddable":true,"href":"https:\/\/www.patip.eu\/de\/wp-json\/wp\/v2\/product_brand?post=3318"},{"taxonomy":"product_cat","embeddable":true,"href":"https:\/\/www.patip.eu\/de\/wp-json\/wp\/v2\/product_cat?post=3318"},{"taxonomy":"product_tag","embeddable":true,"href":"https:\/\/www.patip.eu\/de\/wp-json\/wp\/v2\/product_tag?post=3318"}],"curies":[{"name":"wp","href":"https:\/\/api.w.org\/{rel}","templated":true}]}}