{"id":3442,"date":"2026-01-20T11:11:32","date_gmt":"2026-01-20T10:11:32","guid":{"rendered":"https:\/\/www.patip.eu\/?post_type=product&#038;p=3442"},"modified":"2026-01-30T11:34:45","modified_gmt":"2026-01-30T10:34:45","slug":"daa-rig-strap","status":"publish","type":"product","link":"https:\/\/www.patip.eu\/de\/product\/daa-rig-strap\/","title":{"rendered":"DAA Rig Strap"},"content":{"rendered":"<p>Dieser praktische kleine Gurt erm\u00f6glicht die schnelle und einfache Befestigung Ihres Schie\u00dfrigs an der Au\u00dfenseite Ihres DAA-Rucksacks oder Ihrer Schie\u00dftasche mithilfe eines D-Rings oder eines anderen Befestigungspunktes.<\/p>\n<p>Dank des Schnellverschlusses l\u00e4sst sich das Rig schnell abnehmen, w\u00e4hrend der Gurt sicher am D-Ring der Tasche befestigt bleibt. Die L\u00e4nge ist verstellbar und sorgt so f\u00fcr optimalen Sitz am G\u00fcrtel.<\/p>\n<p>Tipp: Je nach Konfiguration kann ein einzelner Gurt dazu f\u00fchren, dass das Rig schwingt. In diesem Fall empfiehlt es sich, zwei Gurte zu verwenden und diese an beiden vorderen D-Ringen der Tasche zu befestigen.<\/p>","protected":false},"excerpt":{"rendered":"<p>Dieser praktische kleine Gurt erm\u00f6glicht die schnelle und einfache Befestigung Ihres Schie\u00dfrigs an der Au\u00dfenseite Ihres DAA-Rucksacks oder Ihrer Schie\u00dftasche mithilfe eines D-Rings oder eines anderen Befestigungspunktes. Dank des Schnellverschlusses l\u00e4sst sich das Rig schnell abnehmen, w\u00e4hrend der Gurt sicher am D-Ring der Tasche befestigt bleibt. Die L\u00e4nge ist verstellbar und sorgt so f\u00fcr optimalen [&hellip;]<\/p>\n","protected":false},"featured_media":3445,"comment_status":"closed","ping_status":"closed","template":"","meta":[],"product_brand":[],"product_cat":[112,113,114],"product_tag":[191,192],"class_list":{"0":"post-3442","1":"product","2":"type-product","3":"status-publish","4":"has-post-thumbnail","6":"product_cat-doplnky","7":"product_cat-specialna-vystroj","8":"product_cat-strelecke-tasky-a-puzdra-na-zbrane","9":"product_tag-daa-putko-na-tasku","10":"product_tag-drziak-opasku","12":"first","13":"onbackorder","14":"taxable","15":"shipping-taxable","16":"purchasable","17":"product-type-simple"},"aioseo_notices":[],"_links":{"self":[{"href":"https:\/\/www.patip.eu\/de\/wp-json\/wp\/v2\/product\/3442","targetHints":{"allow":["GET"]}}],"collection":[{"href":"https:\/\/www.patip.eu\/de\/wp-json\/wp\/v2\/product"}],"about":[{"href":"https:\/\/www.patip.eu\/de\/wp-json\/wp\/v2\/types\/product"}],"replies":[{"embeddable":true,"href":"https:\/\/www.patip.eu\/de\/wp-json\/wp\/v2\/comments?post=3442"}],"wp:featuredmedia":[{"embeddable":true,"href":"https:\/\/www.patip.eu\/de\/wp-json\/wp\/v2\/media\/3445"}],"wp:attachment":[{"href":"https:\/\/www.patip.eu\/de\/wp-json\/wp\/v2\/media?parent=3442"}],"wp:term":[{"taxonomy":"product_brand","embeddable":true,"href":"https:\/\/www.patip.eu\/de\/wp-json\/wp\/v2\/product_brand?post=3442"},{"taxonomy":"product_cat","embeddable":true,"href":"https:\/\/www.patip.eu\/de\/wp-json\/wp\/v2\/product_cat?post=3442"},{"taxonomy":"product_tag","embeddable":true,"href":"https:\/\/www.patip.eu\/de\/wp-json\/wp\/v2\/product_tag?post=3442"}],"curies":[{"name":"wp","href":"https:\/\/api.w.org\/{rel}","templated":true}]}}