{"id":569,"date":"2016-07-05T02:47:34","date_gmt":"2016-07-05T00:47:34","guid":{"rendered":"http:\/\/sw-themes.com\/porto_dummy\/?page_id=569"},"modified":"2020-08-13T12:57:58","modified_gmt":"2020-08-13T10:57:58","slug":"otazky-a-odpovede","status":"publish","type":"page","link":"https:\/\/www.patip.eu\/en\/otazky-a-odpovede\/","title":{"rendered":"Q&#038;A about targets"},"content":{"rendered":"<div class=\"wpb-content-wrapper\"><p>[vc_row][vc_column]<div class=\"porto-faqs porto-faqs6j9n wpb_content_element \">\r\n\t<div class=\"page-faqs clearfix wpb_custom_7fe7ddf8f1a240d6488c8a8c41279112\" id=\"porto_faqs_7dkt\">\r\n\r\n\t\t\r\n\t\t\r\n\t\t<div class=\"faq-row faqs-container\">\r\n\t\t\t\r\n<div class=\"faq faqs post-27 type-faq status-publish hentry faq_cat-faqs\">\r\n\t<section class=\"toggle\">\r\n\t\t<label>Why to choose our products?<\/label>\r\n\t\t<div class=\"toggle-content\">\r\n\t\t<h3 class=\"entry-title\" style=\"display: none;\">Why to choose our products?<\/h3><span class=\"vcard\" style=\"display: none;\"><span class=\"fn\"><a href=\"https:\/\/www.patip.eu\/en\/author\/martin\/\" title=\"Posts by martin\" rel=\"author\">martin<\/a><\/span><\/span><span class=\"updated\" style=\"display:none\">2020-08-13T12:54:47+00:00<\/span>[vc_row][vc_column][vc_column_text]\r\n<ul>\r\n \t<li>\u00a0Universal and multiple use<\/li>\r\n \t<li>Can be used at all times and in all weather conditions.<\/li>\r\n \t<li>We offer unique target mechanisms with automatic reset or exposure to affected areas after each intervention.<\/li>\r\n \t<li>Fragments of bullets can be captured by traps.<\/li>\r\n \t<li>Simple operation, maintenance and transportation.<\/li>\r\n \t<li>Highly resistant hardened steel with a hardness of 500 Brinell is used.<\/li>\r\n \t<li>After the intervention of the target plate by a bullet, the bullet forward\r\nsubstantially all of its kinetic energy to the target and own plastic deformation.\r\nOnly the minimum residual energy is used to repel bullets from the target plate.\r\nTo ensure managed trajectory of bullet reflection our targets are inclined at an\r\nangle so that the trajectory of the bullets went to the ground and thus prevent\r\ndamage to the target and injury to the shooter. By controlling the trajectory of the\r\nbullet extends the life of our targets and the safety of their use. But everything,\r\nincluding our metal target can be damaged, especially by misuse. These adverse\r\neffects are minimized by using high quality materials and PATIP design itself.<\/li>\r\n \t<li>We offer a wide range of products that can be combined with each other very well.<\/li>\r\n \t<li>Our targets are designed for interventions by calibers from all short and long\r\nfirearms except .50 BMG and armor-piercing shots.<\/li>\r\n<\/ul>\r\n[\/vc_column_text][\/vc_column][\/vc_row]\t\t<\/div>\r\n\t<\/section>\r\n<\/div>\r\n\r\n<div class=\"faq faqs post-26 type-faq status-publish hentry faq_cat-faqs\">\r\n\t<section class=\"toggle\">\r\n\t\t<label>What material is used to manufacture our targets?<\/label>\r\n\t\t<div class=\"toggle-content\">\r\n\t\t<h3 class=\"entry-title\" style=\"display: none;\">What material is used to manufacture our targets?<\/h3><span class=\"vcard\" style=\"display: none;\"><span class=\"fn\"><a href=\"https:\/\/www.patip.eu\/en\/author\/martin\/\" title=\"Posts by martin\" rel=\"author\">martin<\/a><\/span><\/span><span class=\"updated\" style=\"display:none\">2020-08-13T12:55:35+00:00<\/span>[vc_row][vc_column][vc_column_text]<strong>Material:<\/strong>\u00a0Haened steel 500 Annex 1,\u00a0Armox 500 (on request) Annex 2\r\n<strong>Material thickness:<\/strong>\u00a0Hand guns Rifles\u00a06-8 mm 8 -10 mm\r\nDimensions: The dimensions are designed according to the\u00a0current rules for practical shooting - IPSC\u00a0(International Practical Shooting Confederation)\u00a0and International Defensive Pistol Association\u00a0(IDPA). The dimensions can be adapt according\u00a0customers request.\r\nThe dimensions are designed according to the\u00a0current rules for practical shooting - IPSC\u00a0(International Practical Shooting Confederation)\r\n<strong>Surface treatment<\/strong>: all PATIP targets are painted with ground color in\u00a0combination black, white and blue. The target color\u00a0or surface treatment can be adapting according\u00a0customer\u2019s request.\r\n<strong>Durability:<\/strong>\u00a0for hand guns lifelong use.\u00a0Durability by rifle is depend of used calibre.[\/vc_column_text][vc_row_inner][vc_column_inner width=\"1\/4\"][\/vc_column_inner][vc_column_inner width=\"1\/2\"][vc_single_image image=\"2019\" img_size=\"full\" alignment=\"center\" title=\"\u00da\u010dinky striel na plat\u0148u z kalenej ocele:\"][\/vc_column_inner][vc_column_inner width=\"1\/4\"][\/vc_column_inner][\/vc_row_inner][vc_row_inner][vc_column_inner width=\"1\/4\"][\/vc_column_inner][vc_column_inner width=\"1\/2\"][vc_single_image image=\"2021\" img_size=\"full\" alignment=\"center\" title=\"\u00da\u010dinky strie\u013e na be\u017en\u00fa kon\u0161truk\u010dn\u00fa oce\u013e:\"][\/vc_column_inner][vc_column_inner width=\"1\/4\"][\/vc_column_inner][\/vc_row_inner][\/vc_column][\/vc_row]\t\t<\/div>\r\n\t<\/section>\r\n<\/div>\r\n\r\n<div class=\"faq faqs post-25 type-faq status-publish hentry faq_cat-faqs\">\r\n\t<section class=\"toggle\">\r\n\t\t<label>Ak\u00e9 s\u00fa technick\u00e9 \u0161pecifik\u00e1cie?<\/label>\r\n\t\t<div class=\"toggle-content\">\r\n\t\t<h3 class=\"entry-title\" style=\"display: none;\">Ak\u00e9 s\u00fa technick\u00e9 \u0161pecifik\u00e1cie?<\/h3><span class=\"vcard\" style=\"display: none;\"><span class=\"fn\"><a href=\"https:\/\/www.patip.eu\/en\/author\/martin\/\" title=\"Posts by martin\" rel=\"author\">martin<\/a><\/span><\/span><span class=\"updated\" style=\"display:none\">2020-08-13T12:57:01+00:00<\/span>[vc_row][vc_column][\/vc_column][\/vc_row]\t\t<\/div>\r\n\t<\/section>\r\n<\/div>\r\n\r\n<div class=\"faq faqs post-24 type-faq status-publish hentry faq_cat-faqs\">\r\n\t<section class=\"toggle\">\r\n\t\t<label>How the production of PATIP targets looks like?<\/label>\r\n\t\t<div class=\"toggle-content\">\r\n\t\t<h3 class=\"entry-title\" style=\"display: none;\">How the production of PATIP targets looks like?<\/h3><span class=\"vcard\" style=\"display: none;\"><span class=\"fn\"><a href=\"https:\/\/www.patip.eu\/en\/author\/martin\/\" title=\"Posts by martin\" rel=\"author\">martin<\/a><\/span><\/span><span class=\"updated\" style=\"display:none\">2020-08-13T12:56:38+00:00<\/span>[vc_row][vc_column][vc_column_text]Each of our intervention training target plate was burned progressive method machining and plasma cutting.\r\n\r\n<a href=\"http:\/\/www.youtube.com\/watch?v=1MMUOYqo7Lk\" target=\"_blank\" rel=\"noopener noreferrer\">You can look up a video of the production here.\u00a0<\/a>[\/vc_column_text][\/vc_column][\/vc_row]\t\t<\/div>\r\n\t<\/section>\r\n<\/div>\r\n\t\t<\/div>\r\n\r\n\t\t\r\n\t<\/div>\r\n\r\n\t\r\n\t<\/div>[\/vc_column][\/vc_row]<\/p>\n<\/div>","protected":false},"excerpt":{"rendered":"<p>[vc_row][vc_column][\/vc_column][\/vc_row]<\/p>\n","protected":false},"author":1,"featured_media":0,"parent":0,"menu_order":0,"comment_status":"closed","ping_status":"closed","template":"","meta":{"footnotes":""},"class_list":["post-569","page","type-page","status-publish","hentry"],"aioseo_notices":[],"_links":{"self":[{"href":"https:\/\/www.patip.eu\/en\/wp-json\/wp\/v2\/pages\/569","targetHints":{"allow":["GET"]}}],"collection":[{"href":"https:\/\/www.patip.eu\/en\/wp-json\/wp\/v2\/pages"}],"about":[{"href":"https:\/\/www.patip.eu\/en\/wp-json\/wp\/v2\/types\/page"}],"author":[{"embeddable":true,"href":"https:\/\/www.patip.eu\/en\/wp-json\/wp\/v2\/users\/1"}],"replies":[{"embeddable":true,"href":"https:\/\/www.patip.eu\/en\/wp-json\/wp\/v2\/comments?post=569"}],"version-history":[{"count":7,"href":"https:\/\/www.patip.eu\/en\/wp-json\/wp\/v2\/pages\/569\/revisions"}],"predecessor-version":[{"id":2491,"href":"https:\/\/www.patip.eu\/en\/wp-json\/wp\/v2\/pages\/569\/revisions\/2491"}],"wp:attachment":[{"href":"https:\/\/www.patip.eu\/en\/wp-json\/wp\/v2\/media?parent=569"}],"curies":[{"name":"wp","href":"https:\/\/api.w.org\/{rel}","templated":true}]}}