{"id":2103,"date":"2020-04-20T12:17:34","date_gmt":"2020-04-20T10:17:34","guid":{"rendered":"http:\/\/www.patip.eu\/?post_type=product&#038;p=2103"},"modified":"2022-09-14T10:03:32","modified_gmt":"2022-09-14T08:03:32","slug":"drziak-na-papierove-terce-45","status":"publish","type":"product","link":"https:\/\/www.patip.eu\/en\/product\/drziak-na-papierove-terce-45\/","title":{"rendered":"DR\u017dIAK NA PAPIEROV\u00c9 TER\u010cE 45\u00b0"},"content":{"rendered":"<p>&#8211; stabiln\u00fd podstavec pre uchytenie papierov\u00fdch ter\u010dov pomocou dreven\u00fdch kol\u00edkov<\/p>\n<p>&#8211; ur\u010den\u00fd pre kr\u00e1tke i dlh\u00e9 streln\u00e9 zbrane<\/p>\n<p>&#8211; \u013eahk\u00fd, jednoducho premiestnite\u013en\u00fd, je ide\u00e1lny pre taktick\u00fd v\u00fdcvik pod\u013ea vopred vytvoren\u00fdch scen\u00e1rov<\/p>\n<p>&#8211; dr\u017eiak na ter\u010d je navrhnut\u00fd tak, aby spo\u013eahlivo sp\u013a\u0148al svoju funkciu i v n\u00e1ro\u010dn\u00fdch\u00a0podmienkach arm\u00e1dy a pol\u00edcie.<\/p>\n<p>Kovov\u00e9 dr\u017eiaky s\u00fa vhodn\u00e9 pou\u017e\u00edva\u0165 pre tr\u00e9ning taktickej stre\u013eby na kr\u00e1tke i\u00a0dlh\u00e9 vzdialenosti. Rozmery s\u00fa navrhnut\u00e9 tak, aby umo\u017enili pou\u017eitie v arm\u00e1de, pol\u00edcii i\u00a0\u0161portovej stre\u013ebe. &#8211; IPSC (<a href=\"http:\/\/en.wikipedia.org\/wiki\/International_Practical_Shooting_Confederation\">International Practical Shooting Confederation\u00a0<\/a>)<\/p>\n","protected":false},"excerpt":{"rendered":"<p><strong>Dr\u017eiak na papierov\u00e9 ter\u010de 45\u00b0<\/strong><\/p>\n<p><strong>Materi\u00e1l:\u00a0<\/strong>kon\u0161truk\u010dn\u00e1 oce\u013e<\/p>\n","protected":false},"featured_media":2129,"comment_status":"closed","ping_status":"closed","template":"","meta":[],"product_brand":[],"product_cat":[89],"product_tag":[],"class_list":{"0":"post-2103","1":"product","2":"type-product","3":"status-publish","4":"has-post-thumbnail","6":"product_cat-zakladne-pre-terce","8":"first","9":"instock","10":"taxable","11":"shipping-taxable","12":"purchasable","13":"product-type-simple"},"aioseo_notices":[],"_links":{"self":[{"href":"https:\/\/www.patip.eu\/en\/wp-json\/wp\/v2\/product\/2103","targetHints":{"allow":["GET"]}}],"collection":[{"href":"https:\/\/www.patip.eu\/en\/wp-json\/wp\/v2\/product"}],"about":[{"href":"https:\/\/www.patip.eu\/en\/wp-json\/wp\/v2\/types\/product"}],"replies":[{"embeddable":true,"href":"https:\/\/www.patip.eu\/en\/wp-json\/wp\/v2\/comments?post=2103"}],"wp:featuredmedia":[{"embeddable":true,"href":"https:\/\/www.patip.eu\/en\/wp-json\/wp\/v2\/media\/2129"}],"wp:attachment":[{"href":"https:\/\/www.patip.eu\/en\/wp-json\/wp\/v2\/media?parent=2103"}],"wp:term":[{"taxonomy":"product_brand","embeddable":true,"href":"https:\/\/www.patip.eu\/en\/wp-json\/wp\/v2\/product_brand?post=2103"},{"taxonomy":"product_cat","embeddable":true,"href":"https:\/\/www.patip.eu\/en\/wp-json\/wp\/v2\/product_cat?post=2103"},{"taxonomy":"product_tag","embeddable":true,"href":"https:\/\/www.patip.eu\/en\/wp-json\/wp\/v2\/product_tag?post=2103"}],"curies":[{"name":"wp","href":"https:\/\/api.w.org\/{rel}","templated":true}]}}