{"id":2106,"date":"2020-04-20T12:39:16","date_gmt":"2020-04-20T10:39:16","guid":{"rendered":"http:\/\/www.patip.eu\/?post_type=product&#038;p=2106"},"modified":"2022-08-16T15:43:13","modified_gmt":"2022-08-16T13:43:13","slug":"kombinovany-terc-na-poppre","status":"publish","type":"product","link":"https:\/\/www.patip.eu\/en\/product\/kombinovany-terc-na-poppre\/","title":{"rendered":"KOMBINOVAN\u00dd TER\u010c NA POPPRE"},"content":{"rendered":"<p>&#8211; zdv\u00edhacie zariadenie na popre pre papierov\u00fd ter\u010d<\/p>\n<p>&#8211; mnohon\u00e1sobn\u00e9 pou\u017eitie<\/p>\n<p>&#8211; ur\u010den\u00fd pre kr\u00e1tke i dlh\u00e9 streln\u00e9 zbrane<\/p>\n<p>Tieto zdv\u00edhacie zariadenia v\u00a0kombin\u00e1cii s padac\u00edmi poprami s\u00fa najpopul\u00e1rnej\u0161\u00edmi po\u017e\u00edvan\u00fdmi ter\u010dmi v\u00f4bec.<\/p>\n<p>Popre akusticky i vizu\u00e1lne okam\u017eite vyhodnotia v\u00fdsledok z\u00e1sahu a vlastnou v\u00e1hou zodvihn\u00fa papierov\u00fd ter\u010d.<\/p>\n<p>Rozmery s\u00fa navrhnut\u00e9 pod\u013ea platn\u00fdch pravidiel pre praktick\u00fa stre\u013ebu &#8211; IPSC (International Practical Shooting Confederation).<\/p>\n","protected":false},"excerpt":{"rendered":"<p><strong>Ur\u010den\u00fd pre kr\u00e1tke i dlh\u00e9 streln\u00e9 zbrane<\/strong><\/p>\n<p><strong>Materi\u00e1l:\u00a0<\/strong>Kon\u0161truk\u010dn\u00e1 oce\u013e<\/p>\n","protected":false},"featured_media":2109,"comment_status":"closed","ping_status":"closed","template":"","meta":[],"product_brand":[],"product_cat":[89],"product_tag":[],"class_list":{"0":"post-2106","1":"product","2":"type-product","3":"status-publish","4":"has-post-thumbnail","6":"product_cat-zakladne-pre-terce","8":"first","9":"instock","10":"taxable","11":"shipping-taxable","12":"purchasable","13":"product-type-variable"},"aioseo_notices":[],"_links":{"self":[{"href":"https:\/\/www.patip.eu\/en\/wp-json\/wp\/v2\/product\/2106","targetHints":{"allow":["GET"]}}],"collection":[{"href":"https:\/\/www.patip.eu\/en\/wp-json\/wp\/v2\/product"}],"about":[{"href":"https:\/\/www.patip.eu\/en\/wp-json\/wp\/v2\/types\/product"}],"replies":[{"embeddable":true,"href":"https:\/\/www.patip.eu\/en\/wp-json\/wp\/v2\/comments?post=2106"}],"wp:featuredmedia":[{"embeddable":true,"href":"https:\/\/www.patip.eu\/en\/wp-json\/wp\/v2\/media\/2109"}],"wp:attachment":[{"href":"https:\/\/www.patip.eu\/en\/wp-json\/wp\/v2\/media?parent=2106"}],"wp:term":[{"taxonomy":"product_brand","embeddable":true,"href":"https:\/\/www.patip.eu\/en\/wp-json\/wp\/v2\/product_brand?post=2106"},{"taxonomy":"product_cat","embeddable":true,"href":"https:\/\/www.patip.eu\/en\/wp-json\/wp\/v2\/product_cat?post=2106"},{"taxonomy":"product_tag","embeddable":true,"href":"https:\/\/www.patip.eu\/en\/wp-json\/wp\/v2\/product_tag?post=2106"}],"curies":[{"name":"wp","href":"https:\/\/api.w.org\/{rel}","templated":true}]}}