{"id":2171,"date":"2020-04-23T10:35:27","date_gmt":"2020-04-23T08:35:27","guid":{"rendered":"http:\/\/www.patip.eu\/?post_type=product&#038;p=2171"},"modified":"2023-11-14T11:19:43","modified_gmt":"2023-11-14T10:19:43","slug":"svetlovodne-vlakna-d-15-mm","status":"publish","type":"product","link":"https:\/\/www.patip.eu\/en\/product\/svetlovodne-vlakna-d-15-mm\/","title":{"rendered":"SVETLOVODN\u00c9 VL\u00c1KNA D 1,5 MM"},"content":{"rendered":"","protected":false},"excerpt":{"rendered":"<p>4x10cm \/ \u010derven\u00e9, zelen\u00e9, oran\u017eov\u00e9, \u017elt\u00e9<\/p>\n","protected":false},"featured_media":2172,"comment_status":"closed","ping_status":"closed","template":"","meta":[],"product_brand":[],"product_cat":[112],"product_tag":[],"class_list":{"0":"post-2171","1":"product","2":"type-product","3":"status-publish","4":"has-post-thumbnail","6":"product_cat-doplnky","8":"first","9":"outofstock","10":"taxable","11":"shipping-taxable","12":"purchasable","13":"product-type-simple"},"aioseo_notices":[],"_links":{"self":[{"href":"https:\/\/www.patip.eu\/en\/wp-json\/wp\/v2\/product\/2171","targetHints":{"allow":["GET"]}}],"collection":[{"href":"https:\/\/www.patip.eu\/en\/wp-json\/wp\/v2\/product"}],"about":[{"href":"https:\/\/www.patip.eu\/en\/wp-json\/wp\/v2\/types\/product"}],"replies":[{"embeddable":true,"href":"https:\/\/www.patip.eu\/en\/wp-json\/wp\/v2\/comments?post=2171"}],"wp:featuredmedia":[{"embeddable":true,"href":"https:\/\/www.patip.eu\/en\/wp-json\/wp\/v2\/media\/2172"}],"wp:attachment":[{"href":"https:\/\/www.patip.eu\/en\/wp-json\/wp\/v2\/media?parent=2171"}],"wp:term":[{"taxonomy":"product_brand","embeddable":true,"href":"https:\/\/www.patip.eu\/en\/wp-json\/wp\/v2\/product_brand?post=2171"},{"taxonomy":"product_cat","embeddable":true,"href":"https:\/\/www.patip.eu\/en\/wp-json\/wp\/v2\/product_cat?post=2171"},{"taxonomy":"product_tag","embeddable":true,"href":"https:\/\/www.patip.eu\/en\/wp-json\/wp\/v2\/product_tag?post=2171"}],"curies":[{"name":"wp","href":"https:\/\/api.w.org\/{rel}","templated":true}]}}