{"id":2190,"date":"2020-04-23T10:49:06","date_gmt":"2020-04-23T08:49:06","guid":{"rendered":"http:\/\/www.patip.eu\/?post_type=product&#038;p=2190"},"modified":"2024-09-30T11:06:41","modified_gmt":"2024-09-30T09:06:41","slug":"terc-pachatel-s-rukojemnikom","status":"publish","type":"product","link":"https:\/\/www.patip.eu\/en\/product\/terc-pachatel-s-rukojemnikom\/","title":{"rendered":"TER\u010c P\u00c1CHATE\u013d S RUKOJEMN\u00cdKOM"},"content":{"rendered":"","protected":false},"excerpt":{"rendered":"<p>50 kusov v balen\u00ed<\/p>\n<p><strong>Materi\u00e1l:<\/strong>\u00a0Papier, 140 g odolnej\u0161\u00ed vo\u010di vetru<\/p>\n","protected":false},"featured_media":2191,"comment_status":"closed","ping_status":"closed","template":"","meta":[],"product_brand":[],"product_cat":[108],"product_tag":[],"class_list":{"0":"post-2190","1":"product","2":"type-product","3":"status-publish","4":"has-post-thumbnail","6":"product_cat-papierove-terce","8":"first","9":"instock","10":"taxable","11":"shipping-taxable","12":"purchasable","13":"product-type-simple"},"aioseo_notices":[],"_links":{"self":[{"href":"https:\/\/www.patip.eu\/en\/wp-json\/wp\/v2\/product\/2190","targetHints":{"allow":["GET"]}}],"collection":[{"href":"https:\/\/www.patip.eu\/en\/wp-json\/wp\/v2\/product"}],"about":[{"href":"https:\/\/www.patip.eu\/en\/wp-json\/wp\/v2\/types\/product"}],"replies":[{"embeddable":true,"href":"https:\/\/www.patip.eu\/en\/wp-json\/wp\/v2\/comments?post=2190"}],"wp:featuredmedia":[{"embeddable":true,"href":"https:\/\/www.patip.eu\/en\/wp-json\/wp\/v2\/media\/2191"}],"wp:attachment":[{"href":"https:\/\/www.patip.eu\/en\/wp-json\/wp\/v2\/media?parent=2190"}],"wp:term":[{"taxonomy":"product_brand","embeddable":true,"href":"https:\/\/www.patip.eu\/en\/wp-json\/wp\/v2\/product_brand?post=2190"},{"taxonomy":"product_cat","embeddable":true,"href":"https:\/\/www.patip.eu\/en\/wp-json\/wp\/v2\/product_cat?post=2190"},{"taxonomy":"product_tag","embeddable":true,"href":"https:\/\/www.patip.eu\/en\/wp-json\/wp\/v2\/product_tag?post=2190"}],"curies":[{"name":"wp","href":"https:\/\/api.w.org\/{rel}","templated":true}]}}