{"id":2199,"date":"2020-04-23T11:29:59","date_gmt":"2020-04-23T09:29:59","guid":{"rendered":"http:\/\/www.patip.eu\/?post_type=product&#038;p=2199"},"modified":"2021-04-26T09:32:18","modified_gmt":"2021-04-26T07:32:18","slug":"otocny-terc","status":"publish","type":"product","link":"https:\/\/www.patip.eu\/en\/product\/otocny-terc\/","title":{"rendered":"OTO\u010cN\u00dd TER\u010c"},"content":{"rendered":"<p>&#8211; jednoduch\u00e9 nastavenie a\u00a0ovl\u00e1danie<\/p>\n<p>&#8211; \u010das vystavenia ter\u010da 1 sekunda alebo 2x 1 sekunda<\/p>\n<p>&#8211; ide\u00e1lny pre taktick\u00fd v\u00fdcvik<\/p>\n<p>Drop and Turn ter\u010d je gravit\u00e1ciou poh\u00e1\u0148an\u00fd prenosn\u00fd oto\u010dn\u00fd ter\u010d, ktor\u00fd na svoje fungovanie nevy\u017eaduje \u017eiaden zdroj externej energie. M\u00f4\u017ee by\u0165 aktivovan\u00fd pomocou Poppra alebo zatiahnut\u00edm za \u0161n\u00faru jednoduch\u00e9ho sp\u00fa\u0161\u0165acieho mechanizmu. Je to ide\u00e1lna cesta ako si lacno, jednoducho a\u00a0pod tlakom precvi\u010di\u0165 stre\u013ebu. Na plocho oto\u010den\u00fd ter\u010d, tak aby ho strelec nevidel, sa pohybuje vertik\u00e1lne smerom nadol a\u00a0n\u00e1hle sa oto\u010d\u00ed o\u00a090\u00b0 k\u00a0strelcovi. Pri svojom \u010fal\u0161om vertik\u00e1lnom pohybe nadol zost\u00e1va po dobu 1 sekundy oto\u010den\u00fd k\u00a0strelcovi a\u00a0n\u00e1sledne sa znovu oto\u010d\u00ed o\u00a090\u00b0 do v\u00fdchodiskovej polohy. Jednoduch\u00fdm pohybom nahor znovu zresetujete ter\u010de a\u00a0m\u00f4\u017eete pokra\u010dova\u0165 v\u00a0n\u00e1cviku. Drop and Turn ter\u010d v\u00e1m umo\u017en\u00ed ve\u013emi jednoducho a\u00a0efekt\u00edvne tr\u00e9nova\u0165 pudov\u00fa a\u00a0r\u00fdchlu bojov\u00fa stre\u013ebu. Pri pou\u017eit\u00ed troch \u010di \u0161tyroch Drop and Turn ter\u010dov m\u00f4\u017eete vytv\u00e1ra\u0165 r\u00f4zne scen\u00e1re, kde m\u00f4\u017eete kombinova\u0165 ter\u010de nez\u00fa\u010dastnen\u00fdch os\u00f4b a\u00a0zloduchov. Tak\u00fdmto jednoduch\u00fdm sp\u00f4sobom m\u00f4\u017eete tr\u00e9nova\u0165 stre\u013ebu na viacn\u00e1sobn\u00fa hrozbu a\u00a0z\u00e1rove\u0148 tr\u00e9nova\u0165 rozpozn\u00e1vanie cie\u013eov. Drop and Turn ter\u010d sa m\u00f4\u017ee ve\u013emi efekt\u00edvne vyu\u017e\u00edva\u0165 aj pri s\u00fa\u0165a\u017eiach IPSC ako Bonus Target.<\/p>\n","protected":false},"excerpt":{"rendered":"<p><strong>Oto\u010dn\u00fd ter\u010d\u00a0ter\u010d<\/strong><\/p>\n<p>Drop and Turn ter\u010d je gravit\u00e1ciou poh\u00e1\u0148an\u00fd prenosn\u00fd oto\u010dn\u00fd ter\u010d<\/p>\n<p><strong>Materi\u00e1l:<\/strong>\u00a0kon\u0161truk\u010dn\u00e1 oce\u013e s tvrdos\u0165ou 500\u00a0Brinell<\/p>\n","protected":false},"featured_media":2201,"comment_status":"closed","ping_status":"closed","template":"","meta":[],"product_brand":[],"product_cat":[133,134,132,135,93],"product_tag":[],"class_list":{"0":"post-2199","1":"product","2":"type-product","3":"status-publish","4":"has-post-thumbnail","6":"product_cat-hobby-strelba","7":"product_cat-ozbrojene-zlozky","8":"product_cat-sportova-strelba","9":"product_cat-terce-pre-pistole-a-ppc","10":"product_cat-pohyblive-terce-swingers","12":"first","13":"instock","14":"taxable","15":"shipping-taxable","16":"purchasable","17":"product-type-simple"},"aioseo_notices":[],"_links":{"self":[{"href":"https:\/\/www.patip.eu\/en\/wp-json\/wp\/v2\/product\/2199","targetHints":{"allow":["GET"]}}],"collection":[{"href":"https:\/\/www.patip.eu\/en\/wp-json\/wp\/v2\/product"}],"about":[{"href":"https:\/\/www.patip.eu\/en\/wp-json\/wp\/v2\/types\/product"}],"replies":[{"embeddable":true,"href":"https:\/\/www.patip.eu\/en\/wp-json\/wp\/v2\/comments?post=2199"}],"wp:featuredmedia":[{"embeddable":true,"href":"https:\/\/www.patip.eu\/en\/wp-json\/wp\/v2\/media\/2201"}],"wp:attachment":[{"href":"https:\/\/www.patip.eu\/en\/wp-json\/wp\/v2\/media?parent=2199"}],"wp:term":[{"taxonomy":"product_brand","embeddable":true,"href":"https:\/\/www.patip.eu\/en\/wp-json\/wp\/v2\/product_brand?post=2199"},{"taxonomy":"product_cat","embeddable":true,"href":"https:\/\/www.patip.eu\/en\/wp-json\/wp\/v2\/product_cat?post=2199"},{"taxonomy":"product_tag","embeddable":true,"href":"https:\/\/www.patip.eu\/en\/wp-json\/wp\/v2\/product_tag?post=2199"}],"curies":[{"name":"wp","href":"https:\/\/api.w.org\/{rel}","templated":true}]}}