{"id":2204,"date":"2020-04-23T11:33:45","date_gmt":"2020-04-23T09:33:45","guid":{"rendered":"http:\/\/www.patip.eu\/?post_type=product&#038;p=2204"},"modified":"2021-04-26T09:24:01","modified_gmt":"2021-04-26T07:24:01","slug":"rukojemnik-torzo-so-stojanom","status":"publish","type":"product","link":"https:\/\/www.patip.eu\/en\/product\/rukojemnik-torzo-so-stojanom\/","title":{"rendered":"RUKOJEMN\u00cdK TORZO SO STOJANOM"},"content":{"rendered":"<p>&#8211; statick\u00fd siluetov\u00fd ter\u010d s\u00a0oto\u010dnou z\u00e1sahovou z\u00f3nou<\/p>\n<p>&#8211; mnohon\u00e1sobn\u00e9 pou\u017eitie<\/p>\n<p>&#8211; vytv\u00e1ra realistick\u00e9 n\u00e1cviky a n\u00e1vyky<\/p>\n<p>&#8211; z kalen\u00e9ho materi\u00e1lu o povrchovej tvrdosti 500 Brinellov navrhnut\u00fd s\u00a0oh\u013eadom na maxim\u00e1lnu bezpe\u010dnos\u0165 a\u00a0\u017eivotnos\u0165<\/p>\n<p>&#8211; ur\u010den\u00fd pre kr\u00e1tke i dlh\u00e9 streln\u00e9 zbrane<\/p>\n<p>&#8211; realistickej\u0161\u00ed tr\u00e9ningov\u00fd proces<\/p>\n<p>&#8211; cie\u013eov\u00e1 plat\u0148a jednoducho vymenite\u013en\u00e1 na univerz\u00e1lnom podstavci<\/p>\n<p>&#8211; ter\u010d je navrhnut\u00fd tak, aby spo\u013eahlivo sp\u013a\u0148al svoju funkciu i v n\u00e1ro\u010dn\u00fdch podmienkach arm\u00e1dy a pol\u00edcie<\/p>\n<p>Tento statick\u00fd ter\u010d je vhodn\u00fd na tr\u00e9ningov\u00fa stre\u013ebu a\u00a0nahr\u00e1dza klasick\u00e9 papierov\u00e9 ter\u010de. Akusticky i vizu\u00e1lne okam\u017eite vyhodnot\u00ed v\u00fdsledok z\u00e1sahu. Po z\u00e1sahu sa silueta p\u00e1chate\u013ea preto\u010d\u00ed na opa\u010dn\u00e9 rameno \u00fato\u010dn\u00edka a\u00a0umo\u017en\u00ed op\u00e4tovn\u00e9 okam\u017eit\u00e9 pou\u017eitie. Tento ter\u010d simuluje nepriate\u013esk\u00fa hrozbu kryj\u00facu sa za nezainteresovanou osobou. Pri tr\u00e9ningu sa vytv\u00e1raj\u00fa realistick\u00e9 n\u00e1cviky a n\u00e1vyky.<\/p>\n<p>Rozmery torza s\u00fa navrhnut\u00e9 pod\u013ea platn\u00fdch pravidiel pre praktick\u00fa stre\u013ebu &#8211; IPSC (<a href=\"http:\/\/en.wikipedia.org\/wiki\/International_Practical_Shooting_Confederation\">International Practical Shooting Confederation\u00a0<\/a>)<\/p>\n","protected":false},"excerpt":{"rendered":"<p><strong>Ur\u010den\u00fd pre pi\u0161to\u013eov\u00e9 a pu\u0161kov\u00e9 strelivo<\/strong><\/p>\n<p><strong>Materi\u00e1l:<\/strong>\u00a0Kalen\u00e1 oce\u013e s tvrdos\u0165ou 500 Brinell<\/p>\n<p><strong>Hr\u00fabka:\u00a0<\/strong>10mm<\/p>\n","protected":false},"featured_media":2206,"comment_status":"closed","ping_status":"closed","template":"","meta":[],"product_brand":[],"product_cat":[133,134,132,135,136,93],"product_tag":[],"class_list":{"0":"post-2204","1":"product","2":"type-product","3":"status-publish","4":"has-post-thumbnail","6":"product_cat-hobby-strelba","7":"product_cat-ozbrojene-zlozky","8":"product_cat-sportova-strelba","9":"product_cat-terce-pre-pistole-a-ppc","10":"product_cat-terce-pre-pusky","11":"product_cat-pohyblive-terce-swingers","13":"first","14":"instock","15":"taxable","16":"shipping-taxable","17":"purchasable","18":"product-type-simple"},"aioseo_notices":[],"_links":{"self":[{"href":"https:\/\/www.patip.eu\/en\/wp-json\/wp\/v2\/product\/2204","targetHints":{"allow":["GET"]}}],"collection":[{"href":"https:\/\/www.patip.eu\/en\/wp-json\/wp\/v2\/product"}],"about":[{"href":"https:\/\/www.patip.eu\/en\/wp-json\/wp\/v2\/types\/product"}],"replies":[{"embeddable":true,"href":"https:\/\/www.patip.eu\/en\/wp-json\/wp\/v2\/comments?post=2204"}],"wp:featuredmedia":[{"embeddable":true,"href":"https:\/\/www.patip.eu\/en\/wp-json\/wp\/v2\/media\/2206"}],"wp:attachment":[{"href":"https:\/\/www.patip.eu\/en\/wp-json\/wp\/v2\/media?parent=2204"}],"wp:term":[{"taxonomy":"product_brand","embeddable":true,"href":"https:\/\/www.patip.eu\/en\/wp-json\/wp\/v2\/product_brand?post=2204"},{"taxonomy":"product_cat","embeddable":true,"href":"https:\/\/www.patip.eu\/en\/wp-json\/wp\/v2\/product_cat?post=2204"},{"taxonomy":"product_tag","embeddable":true,"href":"https:\/\/www.patip.eu\/en\/wp-json\/wp\/v2\/product_tag?post=2204"}],"curies":[{"name":"wp","href":"https:\/\/api.w.org\/{rel}","templated":true}]}}