{"id":2215,"date":"2020-04-23T11:37:26","date_gmt":"2020-04-23T09:37:26","guid":{"rendered":"http:\/\/www.patip.eu\/?post_type=product&#038;p=2215"},"modified":"2024-09-30T11:05:54","modified_gmt":"2024-09-30T09:05:54","slug":"stojan-so-sklopnymi-tercmi","status":"publish","type":"product","link":"https:\/\/www.patip.eu\/en\/product\/stojan-so-sklopnymi-tercmi\/","title":{"rendered":"STOJAN SO SKLOPN\u00ddMI TER\u010cMI"},"content":{"rendered":"<p>&#8211;\u00a0padacie kovov\u00e9 siluetov\u00e9 ter\u010de<\/p>\n<p>&#8211; vymenite\u013en\u00e9 siluety ( gongy, siluety zvierat, postavi\u010dky, kolky &#8230; )<\/p>\n<p>&#8211; mnohon\u00e1sobn\u00e9 pou\u017eitie<\/p>\n<p>&#8211; z kalen\u00e9ho materi\u00e1lu o povrchovej tvrdosti 500 Brinellov<\/p>\n<p>&#8211; ur\u010den\u00fd pre kr\u00e1tke i dlh\u00e9 streln\u00e9 zbrane<\/p>\n<p>&#8211; cie\u013eov\u00e9 platne jednoducho vymenite\u013en\u00e9<\/p>\n<p>&#8211; ter\u010d navrhnut\u00fd tak, aby spo\u013eahlivo sp\u013a\u0148al svoju funkciu i v n\u00e1ro\u010dn\u00fdch podmienkach arm\u00e1dy a pol\u00edcie<\/p>\n<p>Krycia plocha je skon\u0161truovan\u00e1 z\u00a0kalen\u00e9ho materi\u00e1lu o\u00a0tvrdosti 500 Brinellov navrhnut\u00fd s\u00a0oh\u013eadom na maxim\u00e1lnu bezpe\u010dnos\u0165 a\u00a0\u017eivotnos\u0165.<\/p>\n<p>Po zostrelen\u00ed v\u0161etk\u00fdch ter\u010dov ich vr\u00e1tite do po\u010diato\u010dnej polohy pomocou lanka a\u00a0p\u00e1kov\u00e9ho prevodu. Na po\u017eiadanie sa d\u00e1 doda\u0165 i\u00a0pneumaticky ovl\u00e1dan\u00fd syst\u00e9m. Tieto padacie ter\u010de s\u00fa ve\u013emi popul\u00e1rne na s\u00fa\u0165a\u017eiach IPSC, \u010di be\u017enom streleckom tr\u00e9ningu, preto\u017ee akusticky i vizu\u00e1lne okam\u017eite vyhodnotia v\u00fdsledok z\u00e1sahu.<\/p>\n<p>Rozmery gongov, \u010di platn\u00ed s\u00fa navrhnut\u00e9 pod\u013ea platn\u00fdch pravidiel pre praktick\u00fa stre\u013ebu &#8211; IPSC (<a href=\"http:\/\/en.wikipedia.org\/wiki\/International_Practical_Shooting_Confederation\">International Practical Shooting Confederation\u00a0<\/a>)<\/p>\n<p>Ter\u010dov\u00e9 siluety m\u00f4\u017eu by\u0165 r\u00fdchlo vymenen\u00e9 za in\u00fd typ.<\/p>\n","protected":false},"excerpt":{"rendered":"<p><strong>Ur\u010den\u00fd pre kr\u00e1tke i dlh\u00e9 streln\u00e9 zbrane<\/strong><\/p>\n<p><strong>Materi\u00e1l:<\/strong>\u00a0Kalen\u00e1 oce\u013e s tvrdos\u0165ou 500 Brinell<\/p>\n<p><strong>Hr\u00fabka:\u00a0<\/strong>10 mm<\/p>\n","protected":false},"featured_media":2216,"comment_status":"closed","ping_status":"closed","template":"","meta":[],"product_brand":[],"product_cat":[133,134,132,135,93],"product_tag":[],"class_list":{"0":"post-2215","1":"product","2":"type-product","3":"status-publish","4":"has-post-thumbnail","6":"product_cat-hobby-strelba","7":"product_cat-ozbrojene-zlozky","8":"product_cat-sportova-strelba","9":"product_cat-terce-pre-pistole-a-ppc","10":"product_cat-pohyblive-terce-swingers","12":"first","13":"instock","14":"taxable","15":"shipping-taxable","16":"purchasable","17":"product-type-simple"},"aioseo_notices":[],"_links":{"self":[{"href":"https:\/\/www.patip.eu\/en\/wp-json\/wp\/v2\/product\/2215","targetHints":{"allow":["GET"]}}],"collection":[{"href":"https:\/\/www.patip.eu\/en\/wp-json\/wp\/v2\/product"}],"about":[{"href":"https:\/\/www.patip.eu\/en\/wp-json\/wp\/v2\/types\/product"}],"replies":[{"embeddable":true,"href":"https:\/\/www.patip.eu\/en\/wp-json\/wp\/v2\/comments?post=2215"}],"wp:featuredmedia":[{"embeddable":true,"href":"https:\/\/www.patip.eu\/en\/wp-json\/wp\/v2\/media\/2216"}],"wp:attachment":[{"href":"https:\/\/www.patip.eu\/en\/wp-json\/wp\/v2\/media?parent=2215"}],"wp:term":[{"taxonomy":"product_brand","embeddable":true,"href":"https:\/\/www.patip.eu\/en\/wp-json\/wp\/v2\/product_brand?post=2215"},{"taxonomy":"product_cat","embeddable":true,"href":"https:\/\/www.patip.eu\/en\/wp-json\/wp\/v2\/product_cat?post=2215"},{"taxonomy":"product_tag","embeddable":true,"href":"https:\/\/www.patip.eu\/en\/wp-json\/wp\/v2\/product_tag?post=2215"}],"curies":[{"name":"wp","href":"https:\/\/api.w.org\/{rel}","templated":true}]}}