{"id":2279,"date":"2020-04-23T13:04:28","date_gmt":"2020-04-23T11:04:28","guid":{"rendered":"http:\/\/www.patip.eu\/?post_type=product&#038;p=2279"},"modified":"2022-08-16T09:10:08","modified_gmt":"2022-08-16T07:10:08","slug":"skladaci-gong-300","status":"publish","type":"product","link":"https:\/\/www.patip.eu\/en\/product\/skladaci-gong-300\/","title":{"rendered":"SKLADAC\u00cd GONG 300"},"content":{"rendered":"<p>&#8211; z\u00e1vesn\u00fd\u00a0siluetov\u00fd ter\u010d<\/p>\n<p>&#8211; mnohon\u00e1sobn\u00e9 pou\u017eitie<\/p>\n<p>&#8211; s\u00a0pevn\u00fdm uhlom sklonu<\/p>\n<p>&#8211; z kalen\u00e9ho materi\u00e1lu o povrchovej tvrdosti 600 Brinellov<\/p>\n<p>&#8211; ur\u010den\u00fd pre kr\u00e1tke i dlh\u00e9 streln\u00e9 zbrane<\/p>\n<p>&#8211; realistickej\u0161\u00ed tr\u00e9ningov\u00fd proces<\/p>\n<p>&#8211; cie\u013eov\u00e1 plat\u0148a je jednoducho vymenite\u013en\u00e1 na univerz\u00e1lnych podstavcov\u00fdch noh\u00e1ch<\/p>\n<p>&#8211; ter\u010d je navrhnut\u00fd tak, aby spo\u013eahlivo sp\u013a\u0148al svoju funkciu aj\u00a0v n\u00e1ro\u010dn\u00fdch podmienkach arm\u00e1dy a pol\u00edcie<\/p>\n<p>Tento statick\u00fd ter\u010d je vhodn\u00fd na tr\u00e9ningov\u00fa stre\u013ebu a\u00a0nahr\u00e1dza klasick\u00e9 papierov\u00e9 ter\u010de. Akusticky i vizu\u00e1lne okam\u017eite vyhodnot\u00ed v\u00fdsledok z\u00e1sahu.<\/p>\n<p>Rozmery s\u00fa navrhnut\u00e9 pod\u013ea platn\u00fdch pravidiel pre praktick\u00fa stre\u013ebu &#8211; IPSC (<a href=\"http:\/\/en.wikipedia.org\/wiki\/International_Practical_Shooting_Confederation\">International Practical Shooting Confederation\u00a0<\/a>)<\/p>\n","protected":false},"excerpt":{"rendered":"<p><strong>Ur\u010den\u00e9 pre pu\u0161kov\u00e9 a pi\u0161to\u013eov\u00e9 strelivo<\/strong><\/p>\n<p><strong>Materi\u00e1l:<\/strong>\u00a0Kalen\u00e1 oce\u013e s tvrdos\u0165ou 600\u00a0Brinell<\/p>\n<p><strong>Hr\u00fabka:<\/strong>\u00a008mm<\/p>\n","protected":false},"featured_media":0,"comment_status":"closed","ping_status":"closed","template":"","meta":[],"product_brand":[],"product_cat":[91],"product_tag":[],"class_list":{"0":"post-2279","1":"product","2":"type-product","3":"status-publish","5":"product_cat-zavesne-kovove-terce","7":"first","8":"instock","9":"taxable","10":"shipping-taxable","11":"purchasable","12":"product-type-simple"},"aioseo_notices":[],"_links":{"self":[{"href":"https:\/\/www.patip.eu\/en\/wp-json\/wp\/v2\/product\/2279","targetHints":{"allow":["GET"]}}],"collection":[{"href":"https:\/\/www.patip.eu\/en\/wp-json\/wp\/v2\/product"}],"about":[{"href":"https:\/\/www.patip.eu\/en\/wp-json\/wp\/v2\/types\/product"}],"replies":[{"embeddable":true,"href":"https:\/\/www.patip.eu\/en\/wp-json\/wp\/v2\/comments?post=2279"}],"wp:attachment":[{"href":"https:\/\/www.patip.eu\/en\/wp-json\/wp\/v2\/media?parent=2279"}],"wp:term":[{"taxonomy":"product_brand","embeddable":true,"href":"https:\/\/www.patip.eu\/en\/wp-json\/wp\/v2\/product_brand?post=2279"},{"taxonomy":"product_cat","embeddable":true,"href":"https:\/\/www.patip.eu\/en\/wp-json\/wp\/v2\/product_cat?post=2279"},{"taxonomy":"product_tag","embeddable":true,"href":"https:\/\/www.patip.eu\/en\/wp-json\/wp\/v2\/product_tag?post=2279"}],"curies":[{"name":"wp","href":"https:\/\/api.w.org\/{rel}","templated":true}]}}