{"id":2608,"date":"2021-07-07T09:06:02","date_gmt":"2021-07-07T07:06:02","guid":{"rendered":"https:\/\/www.patip.eu\/?post_type=product&#038;p=2608"},"modified":"2024-09-30T11:03:57","modified_gmt":"2024-09-30T09:03:57","slug":"kompaktne-takticke-led-svietidlo-streamlight-tlr-2hl-s-laserom-a-stroboskopom","status":"publish","type":"product","link":"https:\/\/www.patip.eu\/en\/product\/kompaktne-takticke-led-svietidlo-streamlight-tlr-2hl-s-laserom-a-stroboskopom\/","title":{"rendered":"Compact tactical LED light Streamlight TLR-2HL with laser and strobe"},"content":{"rendered":"<p>Oboustrann\u00e9 ovl\u00e1d\u00e1n\u00ed (tla\u010d\u00edtko na obou stran\u00e1ch)\u00a03\u00a0re\u017eimy: LED sv\u011btlo \/ LED stroboskop , LED sv\u011btlo + laser \/ LED stroboskop + laser, \u00a6\u2013 lze bliknout podr\u017een\u00edm nebo p\u0159epnut\u00edm zapnout, jen laser<br \/>\nC4 LED dioda s \u017eivotnost\u00ed a\u017e 50 000 hodin<br \/>\n640-660nm \u010derven\u00fd laser<br \/>\nStroboskop<br \/>\nRychl\u00e9 nasazov\u00e1n\u00ed a demontov\u00e1n\u00ed bez pou\u017eit\u00ed n\u00e1\u0159ad\u00ed<br \/>\n800 lumen\u016f; 15 000 candela<br \/>\nSpeci\u00e1ln\u011b p\u0159izp\u016fsoben\u00e9 pro Glock-style, 1913 Picatinny rail, Beretta 90two, S&amp;W 99 a S&amp;W TSW \u2013 r\u00e1my s railem<br \/>\nStabiln\u011b a pevn\u011b dr\u017e\u00ed \u2013 p\u0159i zasunut\u00ed do pouzder se sv\u011btlo samo nezapne ani nevypadne<br \/>\nRychl\u00e1 a snadn\u00e1 v\u00fdm\u011bna bateri\u00ed a demont\u00e1\u017e sv\u00edtidla<br \/>\nProvozn\u00ed \u010das sv\u00edtidla je 1.75 hodiny LED sv\u011btla, 45 hodin jen laser<br \/>\nParabolick\u00fd reflektor vytv\u00e1\u0159\u00ed rovnov\u00e1hu mezi paprskem a perifern\u00edm osv\u011btlen\u00edm do stran<\/p>","protected":false},"excerpt":{"rendered":"<p>Availability: ON ORDER (to be specified)<\/p>\n","protected":false},"featured_media":2609,"comment_status":"closed","ping_status":"closed","template":"","meta":[],"product_brand":[],"product_cat":[138,112,113],"product_tag":[],"class_list":{"0":"post-2608","1":"product","2":"type-product","3":"status-publish","4":"has-post-thumbnail","6":"product_cat-platba-kartou","7":"product_cat-doplnky","8":"product_cat-specialna-vystroj","10":"first","11":"onbackorder","12":"taxable","13":"shipping-taxable","14":"purchasable","15":"product-type-simple"},"aioseo_notices":[],"_links":{"self":[{"href":"https:\/\/www.patip.eu\/en\/wp-json\/wp\/v2\/product\/2608","targetHints":{"allow":["GET"]}}],"collection":[{"href":"https:\/\/www.patip.eu\/en\/wp-json\/wp\/v2\/product"}],"about":[{"href":"https:\/\/www.patip.eu\/en\/wp-json\/wp\/v2\/types\/product"}],"replies":[{"embeddable":true,"href":"https:\/\/www.patip.eu\/en\/wp-json\/wp\/v2\/comments?post=2608"}],"wp:featuredmedia":[{"embeddable":true,"href":"https:\/\/www.patip.eu\/en\/wp-json\/wp\/v2\/media\/2609"}],"wp:attachment":[{"href":"https:\/\/www.patip.eu\/en\/wp-json\/wp\/v2\/media?parent=2608"}],"wp:term":[{"taxonomy":"product_brand","embeddable":true,"href":"https:\/\/www.patip.eu\/en\/wp-json\/wp\/v2\/product_brand?post=2608"},{"taxonomy":"product_cat","embeddable":true,"href":"https:\/\/www.patip.eu\/en\/wp-json\/wp\/v2\/product_cat?post=2608"},{"taxonomy":"product_tag","embeddable":true,"href":"https:\/\/www.patip.eu\/en\/wp-json\/wp\/v2\/product_tag?post=2608"}],"curies":[{"name":"wp","href":"https:\/\/api.w.org\/{rel}","templated":true}]}}