{"id":2610,"date":"2021-07-07T09:21:46","date_gmt":"2021-07-07T07:21:46","guid":{"rendered":"https:\/\/www.patip.eu\/?post_type=product&#038;p=2610"},"modified":"2024-09-30T11:03:39","modified_gmt":"2024-09-30T09:03:39","slug":"streamlight-tlr-vir-ii-weapon-flashlight-and-ir-laser-69191-beam","status":"publish","type":"product","link":"https:\/\/www.patip.eu\/en\/product\/streamlight-tlr-vir-ii-weapon-flashlight-and-ir-laser-69191-beam\/","title":{"rendered":"Streamlight TLR-VIR II Weapon Flashlight and IR Laser 69191 Beam"},"content":{"rendered":"<p>Beam color: white<br \/>\nLight output: 300 lumens<br \/>\nWavelength: 850 nm<br \/>\nFabric: 6000 aviation aluminum<br \/>\nWeight: 108 g<br \/>\nMounting \/ Fastening Type: MIL-STD 1913<br \/>\nLength: 8.39 cm<br \/>\nWater resistance level: IPX-7<br \/>\nWaterproof sign: 1 m<br \/>\nOperating temperature: -25 &#8211; 140 Fahrenheit<br \/>\nBattery life: 1.5 &#8211; 12 hours<br \/>\nFinish: anodized<br \/>\nLens material: Boro Float glass<br \/>\nBattery quantity: 1<br \/>\nBattery type: CR123A<br \/>\nWidth: 1.45 inches, 3.69 cm<br \/>\nHeight: 3.56 cm, 1.4 inches<\/p>","protected":false},"excerpt":{"rendered":"<p>Dostupnos\u0165: NA OBJEDN\u00c1VKU (bude upresnen\u00e9)<\/p>\n","protected":false},"featured_media":2611,"comment_status":"closed","ping_status":"closed","template":"","meta":[],"product_brand":[],"product_cat":[138,112,113],"product_tag":[],"class_list":{"0":"post-2610","1":"product","2":"type-product","3":"status-publish","4":"has-post-thumbnail","6":"product_cat-platba-kartou","7":"product_cat-doplnky","8":"product_cat-specialna-vystroj","10":"first","11":"onbackorder","12":"taxable","13":"shipping-taxable","14":"purchasable","15":"product-type-simple"},"aioseo_notices":[],"_links":{"self":[{"href":"https:\/\/www.patip.eu\/en\/wp-json\/wp\/v2\/product\/2610","targetHints":{"allow":["GET"]}}],"collection":[{"href":"https:\/\/www.patip.eu\/en\/wp-json\/wp\/v2\/product"}],"about":[{"href":"https:\/\/www.patip.eu\/en\/wp-json\/wp\/v2\/types\/product"}],"replies":[{"embeddable":true,"href":"https:\/\/www.patip.eu\/en\/wp-json\/wp\/v2\/comments?post=2610"}],"wp:featuredmedia":[{"embeddable":true,"href":"https:\/\/www.patip.eu\/en\/wp-json\/wp\/v2\/media\/2611"}],"wp:attachment":[{"href":"https:\/\/www.patip.eu\/en\/wp-json\/wp\/v2\/media?parent=2610"}],"wp:term":[{"taxonomy":"product_brand","embeddable":true,"href":"https:\/\/www.patip.eu\/en\/wp-json\/wp\/v2\/product_brand?post=2610"},{"taxonomy":"product_cat","embeddable":true,"href":"https:\/\/www.patip.eu\/en\/wp-json\/wp\/v2\/product_cat?post=2610"},{"taxonomy":"product_tag","embeddable":true,"href":"https:\/\/www.patip.eu\/en\/wp-json\/wp\/v2\/product_tag?post=2610"}],"curies":[{"name":"wp","href":"https:\/\/api.w.org\/{rel}","templated":true}]}}